{"id":6788,"date":"2022-04-28T10:10:43","date_gmt":"2022-04-28T14:10:43","guid":{"rendered":"https:\/\/allianceenjesus.com\/?post_type=product&#038;p=6788"},"modified":"2025-11-24T17:58:49","modified_gmt":"2025-11-24T21:58:49","slug":"bible-pour-enfant","status":"publish","type":"product","link":"https:\/\/allianceenjesus.com\/?product=bible-pour-enfant","title":{"rendered":"Bible pour enfant <br> (sans r\u00e9servation)"},"content":{"rendered":"<p>Cat\u00e9gorie : Pour enfants &#8211; 6 ans<\/p>\n<p>Nombre de pages : 402<\/p>\n<p>Poids : 802 grammes<\/p>\n<p>D\u00e9p\u00f4t l\u00e9gal : 2007<\/p>\n<p>Dimensions : 17 x 24,5 x 2,7 centim\u00e8tres<\/p>\n<p>EAN : 9782853005357<\/p>\n","protected":false},"excerpt":{"rendered":"<p>Les plus belles histoires de la Bible, accessibles \u00e0 tous gr\u00e2ce \u00e0 :<\/p>\n<p>une riche illustration qui les rend proches et vivantes<br \/>\nune pr\u00e9sentation dynamique m\u00ealant judicieusement r\u00e9cit et image<br \/>\nun texte authentique tir\u00e9 de la traduction de la Bible en fran\u00e7ais fondamental<br \/>\nune langue simple, claire et facile \u00e0 lire.<br \/>\nLes r\u00e9f\u00e9rences permettent de retrouver les textes dans une autre Bible.<\/p>\n<p>Avec No\u00e9, Joseph, Ruth, Jonas, Marie, Pierre, Paul et beaucoup d\u2019autres, petits et grands vont d\u00e9couvrir et vivre la grande histoire de l\u2019amour de Dieu pour les hommes.<\/p>\n<p>\u00c0 partir de 3 ans<\/p>\n","protected":false},"featured_media":6789,"template":"","meta":{"_eb_attr":"","_uag_custom_page_level_css":"","site-sidebar-layout":"default","site-content-layout":null,"ast-site-content-layout":"default","site-content-style":"default","site-sidebar-style":"default","ast-global-header-display":"","ast-banner-title-visibility":"","ast-main-header-display":"","ast-hfb-above-header-display":"","ast-hfb-below-header-display":null,"ast-hfb-mobile-header-display":"","site-post-title":"","ast-breadcrumbs-content":null,"ast-featured-img":"","footer-sml-layout":"","ast-disable-related-posts":"","theme-transparent-header-meta":"default","adv-header-id-meta":null,"stick-header-meta":null,"header-above-stick-meta":null,"header-main-stick-meta":null,"header-below-stick-meta":null,"astra-migrate-meta-layouts":"default","ast-page-background-enabled":"default","ast-page-background-meta":{"desktop":{"background-color":"","background-image":"","background-repeat":"repeat","background-position":"center center","background-size":"auto","background-attachment":"scroll","background-type":"","background-media":"","overlay-type":"","overlay-color":"","overlay-opacity":"","overlay-gradient":""},"tablet":{"background-color":"","background-image":"","background-repeat":"repeat","background-position":"center center","background-size":"auto","background-attachment":"scroll","background-type":"","background-media":"","overlay-type":"","overlay-color":"","overlay-opacity":"","overlay-gradient":""},"mobile":{"background-color":"","background-image":"","background-repeat":"repeat","background-position":"center center","background-size":"auto","background-attachment":"scroll","background-type":"","background-media":"","overlay-type":"","overlay-color":"","overlay-opacity":"","overlay-gradient":""}},"ast-content-background-meta":{"desktop":{"background-color":"var(--ast-global-color-5)","background-image":"","background-repeat":"repeat","background-position":"center center","background-size":"auto","background-attachment":"scroll","background-type":"","background-media":"","overlay-type":"","overlay-color":"","overlay-opacity":"","overlay-gradient":""},"tablet":{"background-color":"var(--ast-global-color-5)","background-image":"","background-repeat":"repeat","background-position":"center center","background-size":"auto","background-attachment":"scroll","background-type":"","background-media":"","overlay-type":"","overlay-color":"","overlay-opacity":"","overlay-gradient":""},"mobile":{"background-color":"var(--ast-global-color-5)","background-image":"","background-repeat":"repeat","background-position":"center center","background-size":"auto","background-attachment":"scroll","background-type":"","background-media":"","overlay-type":"","overlay-color":"","overlay-opacity":"","overlay-gradient":""}}},"product_brand":[],"product_cat":[78],"product_tag":[],"class_list":{"0":"post-6788","1":"product","2":"type-product","3":"status-publish","4":"has-post-thumbnail","6":"product_cat-enfants","7":"desktop-align-left","8":"tablet-align-left","9":"mobile-align-left","11":"first","12":"instock","13":"product-type-simple"},"uagb_featured_image_src":{"full":["https:\/\/allianceenjesus.com\/wp-content\/uploads\/2022\/04\/bible-pour-enfant-1.jpg",800,800,false],"thumbnail":["https:\/\/allianceenjesus.com\/wp-content\/uploads\/2022\/04\/bible-pour-enfant-1-150x150.jpg",150,150,true],"medium":["https:\/\/allianceenjesus.com\/wp-content\/uploads\/2022\/04\/bible-pour-enfant-1-300x300.jpg",300,300,true],"medium_large":["https:\/\/allianceenjesus.com\/wp-content\/uploads\/2022\/04\/bible-pour-enfant-1-768x768.jpg",768,768,true],"large":["https:\/\/allianceenjesus.com\/wp-content\/uploads\/2022\/04\/bible-pour-enfant-1.jpg",800,800,false],"1536x1536":["https:\/\/allianceenjesus.com\/wp-content\/uploads\/2022\/04\/bible-pour-enfant-1.jpg",800,800,false],"2048x2048":["https:\/\/allianceenjesus.com\/wp-content\/uploads\/2022\/04\/bible-pour-enfant-1.jpg",800,800,false],"tp-image-grid":["https:\/\/allianceenjesus.com\/wp-content\/uploads\/2022\/04\/bible-pour-enfant-1.jpg",700,700,false],"ca-people-thumb":["https:\/\/allianceenjesus.com\/wp-content\/uploads\/2022\/04\/bible-pour-enfant-1.jpg",75,75,false],"ca-address-thumb":["https:\/\/allianceenjesus.com\/wp-content\/uploads\/2022\/04\/bible-pour-enfant-1.jpg",150,150,false],"ultp_layout_landscape_large":["https:\/\/allianceenjesus.com\/wp-content\/uploads\/2022\/04\/bible-pour-enfant-1.jpg",800,800,false],"ultp_layout_landscape":["https:\/\/allianceenjesus.com\/wp-content\/uploads\/2022\/04\/bible-pour-enfant-1.jpg",570,570,false],"ultp_layout_portrait":["https:\/\/allianceenjesus.com\/wp-content\/uploads\/2022\/04\/bible-pour-enfant-1.jpg",600,600,false],"ultp_layout_square":["https:\/\/allianceenjesus.com\/wp-content\/uploads\/2022\/04\/bible-pour-enfant-1.jpg",600,600,false],"mailpoet_newsletter_max":["https:\/\/allianceenjesus.com\/wp-content\/uploads\/2022\/04\/bible-pour-enfant-1.jpg",800,800,false],"masvideos_video_large":["https:\/\/allianceenjesus.com\/wp-content\/uploads\/2022\/04\/bible-pour-enfant-1.jpg",600,600,false],"masvideos_video_medium":["https:\/\/allianceenjesus.com\/wp-content\/uploads\/2022\/04\/bible-pour-enfant-1.jpg",300,300,false],"masvideos_video_thumbnail":["https:\/\/allianceenjesus.com\/wp-content\/uploads\/2022\/04\/bible-pour-enfant-1.jpg",100,100,false],"masvideos_movie_large":["https:\/\/allianceenjesus.com\/wp-content\/uploads\/2022\/04\/bible-pour-enfant-1.jpg",600,600,false],"masvideos_movie_medium":["https:\/\/allianceenjesus.com\/wp-content\/uploads\/2022\/04\/bible-pour-enfant-1.jpg",300,300,false],"masvideos_movie_thumbnail":["https:\/\/allianceenjesus.com\/wp-content\/uploads\/2022\/04\/bible-pour-enfant-1.jpg",100,100,false],"woocommerce_thumbnail":["https:\/\/allianceenjesus.com\/wp-content\/uploads\/2022\/04\/bible-pour-enfant-1-300x300.jpg",300,300,true],"woocommerce_single":["https:\/\/allianceenjesus.com\/wp-content\/uploads\/2022\/04\/bible-pour-enfant-1-600x600.jpg",600,600,true],"woocommerce_gallery_thumbnail":["https:\/\/allianceenjesus.com\/wp-content\/uploads\/2022\/04\/bible-pour-enfant-1-100x100.jpg",100,100,true]},"uagb_author_info":{"display_name":"EGLISE EVANGELIQUE DE LA GUYANE","author_link":"https:\/\/allianceenjesus.com\/author"},"uagb_comment_info":0,"uagb_excerpt":"Les plus belles histoires de la Bible, accessibles \u00e0 tous gr\u00e2ce \u00e0 : une riche illustration qui les rend proches et vivantes une pr\u00e9sentation dynamique m\u00ealant judicieusement r\u00e9cit et image un texte authentique tir\u00e9 de la traduction de la Bible en fran\u00e7ais fondamental une langue simple, claire et facile \u00e0 lire. Les r\u00e9f\u00e9rences permettent de\u2026","_links":{"self":[{"href":"https:\/\/allianceenjesus.com\/index.php?rest_route=\/wp\/v2\/product\/6788","targetHints":{"allow":["GET"]}}],"collection":[{"href":"https:\/\/allianceenjesus.com\/index.php?rest_route=\/wp\/v2\/product"}],"about":[{"href":"https:\/\/allianceenjesus.com\/index.php?rest_route=\/wp\/v2\/types\/product"}],"wp:featuredmedia":[{"embeddable":true,"href":"https:\/\/allianceenjesus.com\/index.php?rest_route=\/wp\/v2\/media\/6789"}],"wp:attachment":[{"href":"https:\/\/allianceenjesus.com\/index.php?rest_route=%2Fwp%2Fv2%2Fmedia&parent=6788"}],"wp:term":[{"taxonomy":"product_brand","embeddable":true,"href":"https:\/\/allianceenjesus.com\/index.php?rest_route=%2Fwp%2Fv2%2Fproduct_brand&post=6788"},{"taxonomy":"product_cat","embeddable":true,"href":"https:\/\/allianceenjesus.com\/index.php?rest_route=%2Fwp%2Fv2%2Fproduct_cat&post=6788"},{"taxonomy":"product_tag","embeddable":true,"href":"https:\/\/allianceenjesus.com\/index.php?rest_route=%2Fwp%2Fv2%2Fproduct_tag&post=6788"}],"curies":[{"name":"wp","href":"https:\/\/api.w.org\/{rel}","templated":true}]}}