{"id":6766,"date":"2022-04-28T09:14:00","date_gmt":"2022-04-28T13:14:00","guid":{"rendered":"https:\/\/allianceenjesus.com\/?post_type=product&#038;p=6766"},"modified":"2025-11-24T17:57:33","modified_gmt":"2025-11-24T21:57:33","slug":"6766","status":"publish","type":"product","link":"https:\/\/allianceenjesus.com\/?product=6766","title":{"rendered":"Bible compacte Louis Second 21 (sans r\u00e9servation)"},"content":{"rendered":"<p>Cat\u00e9gorie 1 :\u00a0Bibles\u00a0\u00bb\u00a0Segond 21<\/p>\n<p><span class=\"label\">Pages (ou cartes) :<\/span>\u00a01480<\/p>\n<p><span class=\"label\">Poids :<\/span>\u00a0520 grammes<\/p>\n<p><span class=\"label\">D\u00e9p\u00f4t l\u00e9gal :<\/span>\u00a0ao\u00fbt 2014<\/p>\n<p><span class=\"label\">Dimensions :<\/span>\u00a011,6 x 17,8 x 3,3 centim\u00e8tres<\/p>\n<p><span class=\"label\">EAN :<\/span>\u00a09782608122377<\/p>\n","protected":false},"excerpt":{"rendered":"<p>Cette Bible Segond 21 comporte aussi<\/p>\n<p>&nbsp;<\/p>\n<ul>\n<li>environ 1500 notes (r\u00e9duites) explicatives<\/li>\n<li>une introduction \u00e0 la Bible<\/li>\n<li>une tr\u00e8s courte introduction \u00e0 chacun de ses livres<\/li>\n<li>un petit dictionnaire biblique et th\u00e9ologique de 60 pages<\/li>\n<li>12 pages couleur (cartes, chronologie&#8230;)<\/li>\n<li>et une pr\u00e9sentation po\u00e9tique des Psaumes et autres cantiques.<\/li>\n<\/ul>\n","protected":false},"featured_media":6768,"template":"","meta":{"_eb_attr":"","_uag_custom_page_level_css":"","site-sidebar-layout":"default","site-content-layout":null,"ast-site-content-layout":"default","site-content-style":"default","site-sidebar-style":"default","ast-global-header-display":"","ast-banner-title-visibility":"","ast-main-header-display":"","ast-hfb-above-header-display":"","ast-hfb-below-header-display":null,"ast-hfb-mobile-header-display":"","site-post-title":"","ast-breadcrumbs-content":null,"ast-featured-img":"","footer-sml-layout":"","ast-disable-related-posts":"","theme-transparent-header-meta":"default","adv-header-id-meta":null,"stick-header-meta":null,"header-above-stick-meta":null,"header-main-stick-meta":null,"header-below-stick-meta":null,"astra-migrate-meta-layouts":"default","ast-page-background-enabled":"default","ast-page-background-meta":{"desktop":{"background-color":"","background-image":"","background-repeat":"repeat","background-position":"center center","background-size":"auto","background-attachment":"scroll","background-type":"","background-media":"","overlay-type":"","overlay-color":"","overlay-opacity":"","overlay-gradient":""},"tablet":{"background-color":"","background-image":"","background-repeat":"repeat","background-position":"center center","background-size":"auto","background-attachment":"scroll","background-type":"","background-media":"","overlay-type":"","overlay-color":"","overlay-opacity":"","overlay-gradient":""},"mobile":{"background-color":"","background-image":"","background-repeat":"repeat","background-position":"center center","background-size":"auto","background-attachment":"scroll","background-type":"","background-media":"","overlay-type":"","overlay-color":"","overlay-opacity":"","overlay-gradient":""}},"ast-content-background-meta":{"desktop":{"background-color":"var(--ast-global-color-5)","background-image":"","background-repeat":"repeat","background-position":"center center","background-size":"auto","background-attachment":"scroll","background-type":"","background-media":"","overlay-type":"","overlay-color":"","overlay-opacity":"","overlay-gradient":""},"tablet":{"background-color":"var(--ast-global-color-5)","background-image":"","background-repeat":"repeat","background-position":"center center","background-size":"auto","background-attachment":"scroll","background-type":"","background-media":"","overlay-type":"","overlay-color":"","overlay-opacity":"","overlay-gradient":""},"mobile":{"background-color":"var(--ast-global-color-5)","background-image":"","background-repeat":"repeat","background-position":"center center","background-size":"auto","background-attachment":"scroll","background-type":"","background-media":"","overlay-type":"","overlay-color":"","overlay-opacity":"","overlay-gradient":""}}},"product_brand":[],"product_cat":[76],"product_tag":[],"class_list":{"0":"post-6766","1":"product","2":"type-product","3":"status-publish","4":"has-post-thumbnail","6":"product_cat-bibles","7":"desktop-align-left","8":"tablet-align-left","9":"mobile-align-left","11":"first","12":"instock","13":"product-type-simple"},"uagb_featured_image_src":{"full":["https:\/\/allianceenjesus.com\/wp-content\/uploads\/2022\/04\/Bible-compacte-Louis-second-3-e1651152048610.jpg",180,279,false],"thumbnail":["https:\/\/allianceenjesus.com\/wp-content\/uploads\/2022\/04\/Bible-compacte-Louis-second-3-150x150.jpg",150,150,true],"medium":["https:\/\/allianceenjesus.com\/wp-content\/uploads\/2022\/04\/Bible-compacte-Louis-second-3-e1651152048610.jpg",180,279,false],"medium_large":["https:\/\/allianceenjesus.com\/wp-content\/uploads\/2022\/04\/Bible-compacte-Louis-second-3-e1651152048610.jpg",180,279,false],"large":["https:\/\/allianceenjesus.com\/wp-content\/uploads\/2022\/04\/Bible-compacte-Louis-second-3-e1651152048610.jpg",180,279,false],"1536x1536":["https:\/\/allianceenjesus.com\/wp-content\/uploads\/2022\/04\/Bible-compacte-Louis-second-3-e1651152048610.jpg",180,279,false],"2048x2048":["https:\/\/allianceenjesus.com\/wp-content\/uploads\/2022\/04\/Bible-compacte-Louis-second-3-e1651152048610.jpg",180,279,false],"tp-image-grid":["https:\/\/allianceenjesus.com\/wp-content\/uploads\/2022\/04\/Bible-compacte-Louis-second-3-e1651152048610.jpg",180,279,false],"ca-people-thumb":["https:\/\/allianceenjesus.com\/wp-content\/uploads\/2022\/04\/Bible-compacte-Louis-second-3-e1651152048610.jpg",48,75,false],"ca-address-thumb":["https:\/\/allianceenjesus.com\/wp-content\/uploads\/2022\/04\/Bible-compacte-Louis-second-3-e1651152048610.jpg",97,150,false],"ultp_layout_landscape_large":["https:\/\/allianceenjesus.com\/wp-content\/uploads\/2022\/04\/Bible-compacte-Louis-second-3-e1651152048610.jpg",180,279,false],"ultp_layout_landscape":["https:\/\/allianceenjesus.com\/wp-content\/uploads\/2022\/04\/Bible-compacte-Louis-second-3-e1651152048610.jpg",180,279,false],"ultp_layout_portrait":["https:\/\/allianceenjesus.com\/wp-content\/uploads\/2022\/04\/Bible-compacte-Louis-second-3-e1651152048610.jpg",180,279,false],"ultp_layout_square":["https:\/\/allianceenjesus.com\/wp-content\/uploads\/2022\/04\/Bible-compacte-Louis-second-3-e1651152048610.jpg",180,279,false],"mailpoet_newsletter_max":["https:\/\/allianceenjesus.com\/wp-content\/uploads\/2022\/04\/Bible-compacte-Louis-second-3-e1651152048610.jpg",180,279,false],"masvideos_video_large":["https:\/\/allianceenjesus.com\/wp-content\/uploads\/2022\/04\/Bible-compacte-Louis-second-3-e1651152048610.jpg",180,279,false],"masvideos_video_medium":["https:\/\/allianceenjesus.com\/wp-content\/uploads\/2022\/04\/Bible-compacte-Louis-second-3-e1651152048610.jpg",180,279,false],"masvideos_video_thumbnail":["https:\/\/allianceenjesus.com\/wp-content\/uploads\/2022\/04\/Bible-compacte-Louis-second-3-e1651152048610.jpg",65,100,false],"masvideos_movie_large":["https:\/\/allianceenjesus.com\/wp-content\/uploads\/2022\/04\/Bible-compacte-Louis-second-3-e1651152048610.jpg",180,279,false],"masvideos_movie_medium":["https:\/\/allianceenjesus.com\/wp-content\/uploads\/2022\/04\/Bible-compacte-Louis-second-3-e1651152048610.jpg",180,279,false],"masvideos_movie_thumbnail":["https:\/\/allianceenjesus.com\/wp-content\/uploads\/2022\/04\/Bible-compacte-Louis-second-3-e1651152048610.jpg",65,100,false],"woocommerce_thumbnail":["https:\/\/allianceenjesus.com\/wp-content\/uploads\/2022\/04\/Bible-compacte-Louis-second-3-e1651152048610.jpg",180,279,false],"woocommerce_single":["https:\/\/allianceenjesus.com\/wp-content\/uploads\/2022\/04\/Bible-compacte-Louis-second-3-e1651152048610.jpg",180,279,false],"woocommerce_gallery_thumbnail":["https:\/\/allianceenjesus.com\/wp-content\/uploads\/2022\/04\/Bible-compacte-Louis-second-3-100x100.jpg",100,100,true]},"uagb_author_info":{"display_name":"EGLISE EVANGELIQUE DE LA GUYANE","author_link":"https:\/\/allianceenjesus.com\/author"},"uagb_comment_info":0,"uagb_excerpt":"Cette Bible Segond 21 comporte aussi &nbsp; environ 1500 notes (r\u00e9duites) explicatives une introduction \u00e0 la Bible une tr\u00e8s courte introduction \u00e0 chacun de ses livres un petit dictionnaire biblique et th\u00e9ologique de 60 pages 12 pages couleur (cartes, chronologie...) et une pr\u00e9sentation po\u00e9tique des Psaumes et autres cantiques.","_links":{"self":[{"href":"https:\/\/allianceenjesus.com\/index.php?rest_route=\/wp\/v2\/product\/6766","targetHints":{"allow":["GET"]}}],"collection":[{"href":"https:\/\/allianceenjesus.com\/index.php?rest_route=\/wp\/v2\/product"}],"about":[{"href":"https:\/\/allianceenjesus.com\/index.php?rest_route=\/wp\/v2\/types\/product"}],"wp:featuredmedia":[{"embeddable":true,"href":"https:\/\/allianceenjesus.com\/index.php?rest_route=\/wp\/v2\/media\/6768"}],"wp:attachment":[{"href":"https:\/\/allianceenjesus.com\/index.php?rest_route=%2Fwp%2Fv2%2Fmedia&parent=6766"}],"wp:term":[{"taxonomy":"product_brand","embeddable":true,"href":"https:\/\/allianceenjesus.com\/index.php?rest_route=%2Fwp%2Fv2%2Fproduct_brand&post=6766"},{"taxonomy":"product_cat","embeddable":true,"href":"https:\/\/allianceenjesus.com\/index.php?rest_route=%2Fwp%2Fv2%2Fproduct_cat&post=6766"},{"taxonomy":"product_tag","embeddable":true,"href":"https:\/\/allianceenjesus.com\/index.php?rest_route=%2Fwp%2Fv2%2Fproduct_tag&post=6766"}],"curies":[{"name":"wp","href":"https:\/\/api.w.org\/{rel}","templated":true}]}}