{"id":6761,"date":"2022-04-28T08:59:56","date_gmt":"2022-04-28T12:59:56","guid":{"rendered":"https:\/\/allianceenjesus.com\/?post_type=product&#038;p=6761"},"modified":"2025-11-24T17:57:48","modified_gmt":"2025-11-24T21:57:48","slug":"la-sainte-bible-gros-caracteres","status":"publish","type":"product","link":"https:\/\/allianceenjesus.com\/?product=la-sainte-bible-gros-caracteres","title":{"rendered":"La Sainte Bible &#8211; Gros caract\u00e8res"},"content":{"rendered":"<p><span style=\"font-size: medium;\">Date de parution : 01\/01\/2009<\/span><\/p>\n<p><span style=\"font-size: medium;\">EAN : 9788531110979<\/span><\/p>\n<p><span style=\"font-size: medium;\">Pr\u00e9sentation :\u00a0Broch\u00e9<\/span><\/p>\n<p><span style=\"font-size: medium;\">Nb. de pages :\u00a01804 pages<\/span><\/p>\n<p><span style=\"font-size: medium;\">Poids\u00a0 : 1.15 Kg<\/span><\/p>\n<p><span style=\"font-size: medium;\">Dimensions :\u00a018,0 cm \u00d7 24,0 cm \u00d7 3,5 cm<\/span><\/p>\n<p>&nbsp;<\/p>\n","protected":false},"excerpt":{"rendered":"<p>La Bible Segond est une traduction biblique en fran\u00e7ais \u00e9dit\u00e9e par l&rsquo;Alliance biblique universelle \u00e0 partir de 1880, puis par divers \u00e9diteurs notamment l&rsquo;Alliance biblique fran\u00e7aise et la Soci\u00e9t\u00e9 biblique de Gen\u00e8ve. La r\u00e9vision du texte original publi\u00e9e en 1910 est la plus connue.<\/p>\n<p>Points forts de cette Bible Segond 1910\u00a0 :<\/p>\n<p>. en cuir noir, avec tranche or, onglets, glissi\u00e8re et coffret.<br \/>\n. un livret de mariage est inclus.<br \/>\n. des cartes<br \/>\n. des gros caract\u00e8res qui rendent la lecture plus ais\u00e9e<\/p>\n<p>&nbsp;<\/p>\n","protected":false},"featured_media":6763,"template":"","meta":{"_eb_attr":"","_uag_custom_page_level_css":"","site-sidebar-layout":"default","site-content-layout":null,"ast-site-content-layout":"default","site-content-style":"default","site-sidebar-style":"default","ast-global-header-display":"","ast-banner-title-visibility":"","ast-main-header-display":"","ast-hfb-above-header-display":"","ast-hfb-below-header-display":null,"ast-hfb-mobile-header-display":"","site-post-title":"","ast-breadcrumbs-content":null,"ast-featured-img":"","footer-sml-layout":"","ast-disable-related-posts":"","theme-transparent-header-meta":"default","adv-header-id-meta":null,"stick-header-meta":null,"header-above-stick-meta":null,"header-main-stick-meta":null,"header-below-stick-meta":null,"astra-migrate-meta-layouts":"default","ast-page-background-enabled":"default","ast-page-background-meta":{"desktop":{"background-color":"","background-image":"","background-repeat":"repeat","background-position":"center center","background-size":"auto","background-attachment":"scroll","background-type":"","background-media":"","overlay-type":"","overlay-color":"","overlay-opacity":"","overlay-gradient":""},"tablet":{"background-color":"","background-image":"","background-repeat":"repeat","background-position":"center center","background-size":"auto","background-attachment":"scroll","background-type":"","background-media":"","overlay-type":"","overlay-color":"","overlay-opacity":"","overlay-gradient":""},"mobile":{"background-color":"","background-image":"","background-repeat":"repeat","background-position":"center center","background-size":"auto","background-attachment":"scroll","background-type":"","background-media":"","overlay-type":"","overlay-color":"","overlay-opacity":"","overlay-gradient":""}},"ast-content-background-meta":{"desktop":{"background-color":"var(--ast-global-color-5)","background-image":"","background-repeat":"repeat","background-position":"center center","background-size":"auto","background-attachment":"scroll","background-type":"","background-media":"","overlay-type":"","overlay-color":"","overlay-opacity":"","overlay-gradient":""},"tablet":{"background-color":"var(--ast-global-color-5)","background-image":"","background-repeat":"repeat","background-position":"center center","background-size":"auto","background-attachment":"scroll","background-type":"","background-media":"","overlay-type":"","overlay-color":"","overlay-opacity":"","overlay-gradient":""},"mobile":{"background-color":"var(--ast-global-color-5)","background-image":"","background-repeat":"repeat","background-position":"center center","background-size":"auto","background-attachment":"scroll","background-type":"","background-media":"","overlay-type":"","overlay-color":"","overlay-opacity":"","overlay-gradient":""}}},"product_brand":[],"product_cat":[76],"product_tag":[],"class_list":{"0":"post-6761","1":"product","2":"type-product","3":"status-publish","4":"has-post-thumbnail","6":"product_cat-bibles","7":"desktop-align-left","8":"tablet-align-left","9":"mobile-align-left","11":"first","12":"instock","13":"downloadable","14":"product-type-simple"},"uagb_featured_image_src":{"full":["https:\/\/allianceenjesus.com\/wp-content\/uploads\/2022\/04\/La-Sainte-Bible-Gros-caractere-2-2.jpg",180,280,false],"thumbnail":["https:\/\/allianceenjesus.com\/wp-content\/uploads\/2022\/04\/La-Sainte-Bible-Gros-caractere-2-2-150x150.jpg",150,150,true],"medium":["https:\/\/allianceenjesus.com\/wp-content\/uploads\/2022\/04\/La-Sainte-Bible-Gros-caractere-2-2.jpg",180,280,false],"medium_large":["https:\/\/allianceenjesus.com\/wp-content\/uploads\/2022\/04\/La-Sainte-Bible-Gros-caractere-2-2.jpg",180,280,false],"large":["https:\/\/allianceenjesus.com\/wp-content\/uploads\/2022\/04\/La-Sainte-Bible-Gros-caractere-2-2.jpg",180,280,false],"1536x1536":["https:\/\/allianceenjesus.com\/wp-content\/uploads\/2022\/04\/La-Sainte-Bible-Gros-caractere-2-2.jpg",180,280,false],"2048x2048":["https:\/\/allianceenjesus.com\/wp-content\/uploads\/2022\/04\/La-Sainte-Bible-Gros-caractere-2-2.jpg",180,280,false],"tp-image-grid":["https:\/\/allianceenjesus.com\/wp-content\/uploads\/2022\/04\/La-Sainte-Bible-Gros-caractere-2-2.jpg",180,280,false],"ca-people-thumb":["https:\/\/allianceenjesus.com\/wp-content\/uploads\/2022\/04\/La-Sainte-Bible-Gros-caractere-2-2.jpg",48,75,false],"ca-address-thumb":["https:\/\/allianceenjesus.com\/wp-content\/uploads\/2022\/04\/La-Sainte-Bible-Gros-caractere-2-2.jpg",96,150,false],"ultp_layout_landscape_large":["https:\/\/allianceenjesus.com\/wp-content\/uploads\/2022\/04\/La-Sainte-Bible-Gros-caractere-2-2.jpg",180,280,false],"ultp_layout_landscape":["https:\/\/allianceenjesus.com\/wp-content\/uploads\/2022\/04\/La-Sainte-Bible-Gros-caractere-2-2.jpg",180,280,false],"ultp_layout_portrait":["https:\/\/allianceenjesus.com\/wp-content\/uploads\/2022\/04\/La-Sainte-Bible-Gros-caractere-2-2.jpg",180,280,false],"ultp_layout_square":["https:\/\/allianceenjesus.com\/wp-content\/uploads\/2022\/04\/La-Sainte-Bible-Gros-caractere-2-2.jpg",180,280,false],"mailpoet_newsletter_max":["https:\/\/allianceenjesus.com\/wp-content\/uploads\/2022\/04\/La-Sainte-Bible-Gros-caractere-2-2.jpg",180,280,false],"masvideos_video_large":["https:\/\/allianceenjesus.com\/wp-content\/uploads\/2022\/04\/La-Sainte-Bible-Gros-caractere-2-2.jpg",180,280,false],"masvideos_video_medium":["https:\/\/allianceenjesus.com\/wp-content\/uploads\/2022\/04\/La-Sainte-Bible-Gros-caractere-2-2.jpg",180,280,false],"masvideos_video_thumbnail":["https:\/\/allianceenjesus.com\/wp-content\/uploads\/2022\/04\/La-Sainte-Bible-Gros-caractere-2-2.jpg",64,100,false],"masvideos_movie_large":["https:\/\/allianceenjesus.com\/wp-content\/uploads\/2022\/04\/La-Sainte-Bible-Gros-caractere-2-2.jpg",180,280,false],"masvideos_movie_medium":["https:\/\/allianceenjesus.com\/wp-content\/uploads\/2022\/04\/La-Sainte-Bible-Gros-caractere-2-2.jpg",180,280,false],"masvideos_movie_thumbnail":["https:\/\/allianceenjesus.com\/wp-content\/uploads\/2022\/04\/La-Sainte-Bible-Gros-caractere-2-2.jpg",64,100,false],"woocommerce_thumbnail":["https:\/\/allianceenjesus.com\/wp-content\/uploads\/2022\/04\/La-Sainte-Bible-Gros-caractere-2-2.jpg",180,280,false],"woocommerce_single":["https:\/\/allianceenjesus.com\/wp-content\/uploads\/2022\/04\/La-Sainte-Bible-Gros-caractere-2-2.jpg",180,280,false],"woocommerce_gallery_thumbnail":["https:\/\/allianceenjesus.com\/wp-content\/uploads\/2022\/04\/La-Sainte-Bible-Gros-caractere-2-2-100x100.jpg",100,100,true]},"uagb_author_info":{"display_name":"EGLISE EVANGELIQUE DE LA GUYANE","author_link":"https:\/\/allianceenjesus.com\/author"},"uagb_comment_info":0,"uagb_excerpt":"La Bible Segond est une traduction biblique en fran\u00e7ais \u00e9dit\u00e9e par l'Alliance biblique universelle \u00e0 partir de 1880, puis par divers \u00e9diteurs notamment l'Alliance biblique fran\u00e7aise et la Soci\u00e9t\u00e9 biblique de Gen\u00e8ve. La r\u00e9vision du texte original publi\u00e9e en 1910 est la plus connue. Points forts de cette Bible Segond 1910\u00a0 : . en cuir\u2026","_links":{"self":[{"href":"https:\/\/allianceenjesus.com\/index.php?rest_route=\/wp\/v2\/product\/6761","targetHints":{"allow":["GET"]}}],"collection":[{"href":"https:\/\/allianceenjesus.com\/index.php?rest_route=\/wp\/v2\/product"}],"about":[{"href":"https:\/\/allianceenjesus.com\/index.php?rest_route=\/wp\/v2\/types\/product"}],"wp:featuredmedia":[{"embeddable":true,"href":"https:\/\/allianceenjesus.com\/index.php?rest_route=\/wp\/v2\/media\/6763"}],"wp:attachment":[{"href":"https:\/\/allianceenjesus.com\/index.php?rest_route=%2Fwp%2Fv2%2Fmedia&parent=6761"}],"wp:term":[{"taxonomy":"product_brand","embeddable":true,"href":"https:\/\/allianceenjesus.com\/index.php?rest_route=%2Fwp%2Fv2%2Fproduct_brand&post=6761"},{"taxonomy":"product_cat","embeddable":true,"href":"https:\/\/allianceenjesus.com\/index.php?rest_route=%2Fwp%2Fv2%2Fproduct_cat&post=6761"},{"taxonomy":"product_tag","embeddable":true,"href":"https:\/\/allianceenjesus.com\/index.php?rest_route=%2Fwp%2Fv2%2Fproduct_tag&post=6761"}],"curies":[{"name":"wp","href":"https:\/\/api.w.org\/{rel}","templated":true}]}}