{"id":4055,"date":"2022-03-31T18:38:08","date_gmt":"2022-03-31T22:38:08","guid":{"rendered":"https:\/\/allianceenjesus.com\/?page_id=4055"},"modified":"2023-11-05T18:05:29","modified_gmt":"2023-11-05T22:05:29","slug":"mentions-legales","status":"publish","type":"page","link":"https:\/\/allianceenjesus.com\/?page_id=4055","title":{"rendered":"Mentions l\u00e9gales"},"content":{"rendered":"\t\t<div data-elementor-type=\"wp-post\" data-elementor-id=\"4055\" class=\"elementor elementor-4055\">\n\t\t\t\t\t\t<section class=\"elementor-section elementor-top-section elementor-element elementor-element-b2633ab ang-section-padding-no elementor-section-boxed elementor-section-height-default elementor-section-height-default wpr-particle-no wpr-jarallax-no wpr-parallax-no wpr-sticky-section-no elementor-repeater-item-none elementor-repeater-item-none_hover wpr-equal-height-no\" data-id=\"b2633ab\" data-element_type=\"section\" data-e-type=\"section\">\n\t\t\t\t\t\t<div class=\"elementor-container elementor-column-gap-default\">\n\t\t\t\t\t<div class=\"elementor-column elementor-col-100 elementor-top-column elementor-element elementor-element-5f0189e elementor-repeater-item-none elementor-repeater-item-none_hover\" data-id=\"5f0189e\" data-element_type=\"column\" data-e-type=\"column\">\n\t\t\t<div class=\"elementor-widget-wrap elementor-element-populated\">\n\t\t\t\t\t\t<div class=\"elementor-element elementor-element-1f55afa elementor-repeater-item-none elementor-repeater-item-none_hover elementor-widget elementor-widget-spacer\" data-id=\"1f55afa\" data-element_type=\"widget\" data-e-type=\"widget\" data-widget_type=\"spacer.default\">\n\t\t\t\t<div class=\"elementor-widget-container\">\n\t\t\t\t\t\t\t<div class=\"elementor-spacer\">\n\t\t\t<div class=\"elementor-spacer-inner\"><\/div>\n\t\t<\/div>\n\t\t\t\t\t\t<\/div>\n\t\t\t\t<\/div>\n\t\t\t\t\t<\/div>\n\t\t<\/div>\n\t\t\t\t\t<\/div>\n\t\t<\/section>\n\t\t\t\t<section class=\"elementor-section elementor-top-section elementor-element elementor-element-36eb0f6 ang-section-padding-no elementor-section-boxed elementor-section-height-default elementor-section-height-default wpr-particle-no wpr-jarallax-no wpr-parallax-no wpr-sticky-section-no elementor-repeater-item-none elementor-repeater-item-none_hover wpr-equal-height-no\" data-id=\"36eb0f6\" data-element_type=\"section\" data-e-type=\"section\">\n\t\t\t\t\t\t<div class=\"elementor-container elementor-column-gap-default\">\n\t\t\t\t\t<div class=\"elementor-column elementor-col-100 elementor-top-column elementor-element elementor-element-b1b4243 elementor-repeater-item-none elementor-repeater-item-none_hover\" data-id=\"b1b4243\" data-element_type=\"column\" data-e-type=\"column\">\n\t\t\t<div class=\"elementor-widget-wrap elementor-element-populated\">\n\t\t\t\t\t\t<div class=\"elementor-element elementor-element-58a386f elementor-repeater-item-none elementor-repeater-item-none_hover elementor-widget elementor-widget-text-editor\" data-id=\"58a386f\" data-element_type=\"widget\" data-e-type=\"widget\" data-widget_type=\"text-editor.default\">\n\t\t\t\t<div class=\"elementor-widget-container\">\n\t\t\t\t\t\t\t\t\t<p><span style=\"font-style: inherit; font-weight: inherit; color: var(--ast-global-color-3);\">MENTIONS LEGALES :<\/span><\/p><p>Conform\u00e9ment aux dispositions des articles 6-III et 19 de la Loi n\u00b0 2004-575 du 21 juin 2004 pour la Confiance dans l&rsquo;\u00e9conomie num\u00e9rique, dite L.C.E.N., nous portons \u00e0 la connaissance des utilisateurs et visiteurs du site :\u00a0<a href=\"http:\/\/xn--alliance-en-jsus-nqb.com\/\" target=\"_blank\" rel=\"noopener\">xn--alliance-en-jsus-nqb.com<\/a>\u00a0les informations suivantes :<\/p><p><strong>1. Informations l\u00e9gales :<\/strong><\/p><p>Statut du propri\u00e9taire :\u00a0<strong>particulier<\/strong><br \/>Le Propri\u00e9taire est :\u00a0<strong>THIERRY ALBERT<\/strong><br \/>Adresse postale du propri\u00e9taire :\u00a0<strong>KOUROU, GUYANE FRANCAISE 97350 KOUROU<\/strong><\/p><p>Le Cr\u00e9ateur du site est :\u00a0<strong>ALBERT THIERRY<\/strong><br \/>Le Responsable de la\u00a0 publication est :\u00a0<strong>ALBERT THIERRY<\/strong><br \/>Contacter le responsable de la publication :\u00a0<strong>alberthi@hotmail.fr<\/strong><br \/>Le responsable de la publication est une<strong>\u00a0personne physique<\/strong><\/p><p>Le Webmaster est\u00a0 :\u00a0<strong>ALBERT Thierry<\/strong><br \/>Contacter le Webmaster :\u00a0\u00a0<strong><a href=\"mailto:alberthi@hotmail.fr?subject=Contact%20a%20partir%20des%20mentions%20l%C3%83%C2%A9gales%20via%20le%20site%20xn--alliance-en-jsus-nqb.com\">alberthi@hotmail.fr<\/a><\/strong><br \/>L\u2019hebergeur du site est :\u00a0<strong>IONOS 7 PLACE DE LA GARE 57200 SARREGUEMINES<\/strong><\/p><p><b><br \/><\/b>(Les mentions l\u00e9gales ont \u00e9t\u00e9s g\u00e9n\u00e9r\u00e9es par<strong>\u00a0<a href=\"https:\/\/www.generer-mentions-legales.com\/generateur-mentions-legales.html\" target=\"_blank\" rel=\"noopener\">g\u00e9n\u00e9rateur de mentions legales<\/a><\/strong><br \/>Une eau toujours potable avec les\u00a0<strong><a href=\"https:\/\/www.chamarrel.com\/perles-de-ceramique-em-pxl-29_37.html\" target=\"_blank\" rel=\"noopener\">perles de c\u00e9ramique<\/a>)<\/strong><\/p><p>\u00a0<\/p><p><strong>2. Pr\u00e9sentation et principe :<\/strong><\/p><p>Est d\u00e9sign\u00e9 ci-apr\u00e8s :\u00a0<strong>Utilisateur<\/strong>, tout internaute se connectant et utilisant le site susnomm\u00e9 :\u00a0<a href=\"http:\/\/xn--alliance-en-jsus-nqb.com\/\" target=\"_blank\" rel=\"noopener\">xn--alliance-en-jsus-nqb.com<\/a>.<br \/>Le site\u00a0<strong>xn--alliance-en-jsus-nqb.com<\/strong><strong>\u00a0<\/strong>regroupe un ensemble de services, dans l&rsquo;\u00e9tat,\u00a0 mis \u00e0 la disposition des utilisateurs. Il est ici pr\u00e9cis\u00e9 que ces derniers doivent rester courtois et faire preuve de bonne foi tant envers les autres utilisateurs qu&rsquo;envers le webmaster du site xn--alliance-en-jsus-nqb.com. Le site xn--alliance-en-jsus-nqb.com est mis \u00e0 jour r\u00e9guli\u00e8rement par ALBERT Thierry.<br \/>THIERRY ALBERT s\u2019efforce de fournir sur le site xn--alliance-en-jsus-nqb.com des informations les plus pr\u00e9cises possibles (sous r\u00e9serve de modifications apport\u00e9es depuis leur mise en ligne), mais ne saurait garantir l&rsquo;exactitude, la compl\u00e9tude et l&rsquo;actualit\u00e9 des informations diffus\u00e9es sur son site, qu\u2019elles soient de son fait ou du fait des tiers partenaires qui lui fournissent ces informations. En cons\u00e9quence, l&rsquo;utilisateur reconna\u00eet utiliser ces informations donn\u00e9es (\u00e0 titre indicatif, non exhaustives et susceptibles d&rsquo;\u00e9voluer) sous sa responsabilit\u00e9 exclusive.<\/p><p>\u00a0<\/p><p><strong>3. Accessibilit\u00e9 :<\/strong><\/p><p>Le site xn--alliance-en-jsus-nqb.com est par principe accessible aux utilisateurs 24\/24h, 7\/7j, sauf interruption, programm\u00e9e ou non, pour les besoins de sa maintenance ou en cas de force majeure. En cas d\u2019impossibilit\u00e9 d\u2019acc\u00e8s au service, xn--alliance-en-jsus-nqb.com s\u2019engage \u00e0 faire son maximum afin de r\u00e9tablir l\u2019acc\u00e8s au service et s\u2019efforcera alors de communiquer pr\u00e9alablement aux utilisateurs les dates et heures de l\u2019intervention.\u00a0 N\u2019\u00e9tant soumis qu\u2019\u00e0 une obligation de moyen, xn--alliance-en-jsus-nqb.com ne saurait \u00eatre tenu pour responsable de tout dommage, quelle qu\u2019en soit la nature, r\u00e9sultant d\u2019une indisponibilit\u00e9 du service.<\/p><p>\u00a0<\/p><p><strong>4. Propri\u00e9t\u00e9 intellectuelle :<\/strong><\/p><p>THIERRY ALBERT est propri\u00e9taire exclusif de tous les droits de propri\u00e9t\u00e9 intellectuelle ou d\u00e9tient les droits d\u2019usage sur tous les \u00e9l\u00e9ments accessibles sur le site, tant sur la structure que sur les textes, images, graphismes, logo, ic\u00f4nes, sons, logiciels\u2026<br \/>Toute reproduction totale ou partielle du site xn--alliance-en-jsus-nqb.com, repr\u00e9sentation, modification, publication, adaptation totale ou partielle de l&rsquo;un quelconque de ces \u00e9l\u00e9ments, quel que soit le moyen ou le proc\u00e9d\u00e9 utilis\u00e9, est interdite, sauf autorisation \u00e9crite pr\u00e9alable de THIERRY ALBERT, propri\u00e9taire du site \u00e0 l&#8217;email : alberthi@hotmail.fr, \u00e0 d\u00e9faut elle sera consid\u00e9r\u00e9e comme constitutive d\u2019une contrefa\u00e7on et passible de poursuite conform\u00e9ment aux dispositions des articles L.335-2 et suivants du Code de Propri\u00e9t\u00e9 Intellectuelle.<\/p><p><strong>5. Liens hypertextes et cookies :<\/strong><\/p><p>Le site xn--alliance-en-jsus-nqb.com contient un certain nombre de liens hypertextes vers d\u2019autres sites (partenaires, informations \u2026) mis en place avec l\u2019autorisation de THIERRY ALBERT. Cependant, THIERRY ALBERT n\u2019a pas la possibilit\u00e9 de v\u00e9rifier l&rsquo;ensemble du contenu des sites ainsi visit\u00e9s\u00a0et d\u00e9cline donc toute responsabilit\u00e9 de ce fait quand aux risques \u00e9ventuels de contenus illicites.<br \/>L\u2019utilisateur est inform\u00e9 que lors de ses visites sur le site xn--alliance-en-jsus-nqb.com, un ou des cookies sont susceptibles de s\u2019installer automatiquement sur son ordinateur par l&rsquo;interm\u00e9diaire de son logiciel de navigation. Un cookie est un bloc de donn\u00e9es qui ne permet pas d&rsquo;identifier l&rsquo;utilisateur, mais qui enregistre des informations relatives \u00e0 la navigation de celui-ci sur le site.\u00a0<br \/>Le param\u00e9trage du logiciel de navigation permet d\u2019informer de la pr\u00e9sence de cookie et \u00e9ventuellement, de la refuser de la mani\u00e8re d\u00e9crite \u00e0 l\u2019adresse suivante :\u00a0<a href=\"http:\/\/www.cnil.fr\/\" target=\"_blank\" rel=\"noopener\">www.cnil.fr<\/a>. L\u2019utilisateur peut toutefois configurer le navigateur de son ordinateur pour refuser l\u2019installation des cookies, sachant que le refus d&rsquo;installation d&rsquo;un cookie peut entra\u00eener l\u2019impossibilit\u00e9 d\u2019acc\u00e9der \u00e0 certains services. Pour tout blocage des cookies, tapez dans votre moteur de recherche : blocage des cookies sous IE ou firefox et suivez les instructions en fonction de votre version.<\/p><p><strong>6. Protection des biens et des personnes &#8211; gestion des donn\u00e9es personnelles :<\/strong><\/p><p>En France, les donn\u00e9es personnelles sont notamment prot\u00e9g\u00e9es par la loi n\u00b0 78-87 du 6 janvier 1978, la loi n\u00b0 2004-801 du 6 ao\u00fbt 2004, l&rsquo;article L. 226-13 du Code p\u00e9nal et la Directive Europ\u00e9enne du 24 octobre 1995.<\/p><p>Sur le site xn--alliance-en-jsus-nqb.com, THIERRY ALBERT ne collecte des informations personnelles ( suivant l&rsquo;article 4 loi n\u00b078-17 du 06 janvier 1978) relatives \u00e0 l&rsquo;utilisateur que pour le besoin de certains services propos\u00e9s par le site xn--alliance-en-jsus-nqb.com. L&rsquo;utilisateur fournit ces informations en toute connaissance de cause, notamment lorsqu&rsquo;il proc\u00e8de par lui-m\u00eame \u00e0 leur saisie. Il est alors pr\u00e9cis\u00e9 \u00e0 l&rsquo;utilisateur du site xn--alliance-en-jsus-nqb.com l\u2019obligation ou non de fournir ces informations.<br \/>Conform\u00e9ment aux dispositions des articles 38 et suivants de la loi 78-17 du 6 janvier 1978 relative \u00e0 l\u2019informatique, aux fichiers et aux libert\u00e9s, tout utilisateur dispose d\u2019un droit d\u2019acc\u00e8s, de rectification, de suppression et d\u2019opposition aux donn\u00e9es personnelles le concernant. Pour l\u2019exercer, adressez votre demande \u00e0 xn--alliance-en-jsus-nqb.com par email :\u00a0<strong><a href=\"mailto:alberthi@hotmail.fr?subject=Contact%20%C3%AF%C2%BF%C2%BD%20partir%20des%20mentions%20l%C3%AF%C2%BF%C2%BDgales%20via%20le%20site%20xn--alliance-en-jsus-nqb.com\">alberthi@hotmail.fr<\/a><\/strong>\u00a0ou\u00a0par \u00e9crit\u00a0d\u00fbment sign\u00e9e, accompagn\u00e9e d\u2019une copie du titre d\u2019identit\u00e9 avec signature du titulaire de la pi\u00e8ce, en pr\u00e9cisant l\u2019adresse \u00e0 laquelle la r\u00e9ponse doit \u00eatre envoy\u00e9e.<\/p><p>Aucune information personnelle de l&rsquo;utilisateur du site xn--alliance-en-jsus-nqb.com n&rsquo;est publi\u00e9e \u00e0 l&rsquo;insu de l&rsquo;utilisateur, \u00e9chang\u00e9e, transf\u00e9r\u00e9e, c\u00e9d\u00e9e ou vendue sur un support quelconque \u00e0 des tiers. Seule l&rsquo;hypoth\u00e8se du rachat du site xn--alliance-en-jsus-nqb.com et de ses droits autorise THIERRY ALBERT \u00e0 transmettre les dites informations \u00e0 l&rsquo;\u00e9ventuel acqu\u00e9reur qui serait \u00e0 son tour tenu\u00a0\u00e0 la m\u00eame obligation de conservation et de modification des donn\u00e9es vis \u00e0 vis de l&rsquo;utilisateur du site xn--alliance-en-jsus-nqb.com.<br \/>Le site xn--alliance-en-jsus-nqb.com est en conformit\u00e9 avec le RGPD voir notre politique RGPD\u00a0 Mentions l\u00e9gales.<\/p><p>Les bases de donn\u00e9es sont prot\u00e9g\u00e9es par les dispositions de la loi du 1er juillet 1998 transposant la directive 96\/9 du 11 mars 1996 relative \u00e0 la protection juridique des bases de donn\u00e9es.<\/p>\t\t\t\t\t\t\t\t<\/div>\n\t\t\t\t<\/div>\n\t\t\t\t<div class=\"elementor-element elementor-element-03c456c elementor-repeater-item-none elementor-repeater-item-none_hover elementor-widget elementor-widget-spacer\" data-id=\"03c456c\" data-element_type=\"widget\" data-e-type=\"widget\" data-widget_type=\"spacer.default\">\n\t\t\t\t<div class=\"elementor-widget-container\">\n\t\t\t\t\t\t\t<div class=\"elementor-spacer\">\n\t\t\t<div class=\"elementor-spacer-inner\"><\/div>\n\t\t<\/div>\n\t\t\t\t\t\t<\/div>\n\t\t\t\t<\/div>\n\t\t\t\t\t<\/div>\n\t\t<\/div>\n\t\t\t\t\t<\/div>\n\t\t<\/section>\n\t\t\t\t<\/div>\n\t\t","protected":false},"excerpt":{"rendered":"<p>MENTIONS LEGALES : Conform\u00e9ment aux dispositions des articles 6-III et 19 de la Loi n\u00b0 2004-575 du 21 juin 2004 pour la Confiance dans l&rsquo;\u00e9conomie num\u00e9rique, dite L.C.E.N., nous portons \u00e0 la connaissance des utilisateurs et visiteurs du site :\u00a0xn--alliance-en-jsus-nqb.com\u00a0les informations suivantes : 1. Informations l\u00e9gales : Statut du propri\u00e9taire :\u00a0particulierLe Propri\u00e9taire est :\u00a0THIERRY ALBERTAdresse postale du propri\u00e9taire :\u00a0KOUROU, GUYANE FRANCAISE 97350 KOUROU Le Cr\u00e9ateur du site est :\u00a0ALBERT THIERRYLe Responsable de la\u00a0 publication est :\u00a0ALBERT THIERRYContacter le responsable de la publication :\u00a0alberthi@hotmail.frLe responsable de la publication est une\u00a0personne physique Le Webmaster est\u00a0 :\u00a0ALBERT ThierryContacter le Webmaster :\u00a0\u00a0alberthi@hotmail.frL\u2019hebergeur du site est :\u00a0IONOS 7 PLACE DE LA GARE 57200 SARREGUEMINES (Les mentions l\u00e9gales ont \u00e9t\u00e9s g\u00e9n\u00e9r\u00e9es par\u00a0g\u00e9n\u00e9rateur de mentions legalesUne eau toujours potable avec les\u00a0perles de c\u00e9ramique) \u00a0 2. Pr\u00e9sentation et principe : Est d\u00e9sign\u00e9 ci-apr\u00e8s :\u00a0Utilisateur, tout internaute se connectant et utilisant le site susnomm\u00e9 :\u00a0xn--alliance-en-jsus-nqb.com.Le site\u00a0xn--alliance-en-jsus-nqb.com\u00a0regroupe un ensemble de services, dans l&rsquo;\u00e9tat,\u00a0 mis \u00e0 la disposition des utilisateurs. Il est ici pr\u00e9cis\u00e9 que ces derniers doivent rester courtois et faire preuve de bonne foi tant envers les autres utilisateurs qu&rsquo;envers le webmaster du site xn--alliance-en-jsus-nqb.com. Le site xn--alliance-en-jsus-nqb.com est mis \u00e0 jour r\u00e9guli\u00e8rement par ALBERT Thierry.THIERRY ALBERT s\u2019efforce de fournir sur le site xn--alliance-en-jsus-nqb.com des informations les plus pr\u00e9cises possibles (sous r\u00e9serve de modifications apport\u00e9es depuis leur mise en ligne), mais ne saurait garantir l&rsquo;exactitude, la compl\u00e9tude et l&rsquo;actualit\u00e9 des informations diffus\u00e9es sur son site, qu\u2019elles soient de son fait ou du fait des tiers partenaires qui lui fournissent ces informations. En cons\u00e9quence, l&rsquo;utilisateur reconna\u00eet utiliser ces informations donn\u00e9es (\u00e0 titre indicatif, non exhaustives et susceptibles d&rsquo;\u00e9voluer) sous sa responsabilit\u00e9 exclusive. \u00a0 3. Accessibilit\u00e9 : Le site xn--alliance-en-jsus-nqb.com est par principe accessible aux utilisateurs 24\/24h, 7\/7j, sauf interruption, programm\u00e9e ou non, pour les besoins de sa maintenance ou en cas de force majeure. En cas d\u2019impossibilit\u00e9 d\u2019acc\u00e8s au service, xn--alliance-en-jsus-nqb.com s\u2019engage \u00e0 faire son maximum afin de r\u00e9tablir l\u2019acc\u00e8s au service et s\u2019efforcera alors de communiquer pr\u00e9alablement aux utilisateurs les dates et heures de l\u2019intervention.\u00a0 N\u2019\u00e9tant soumis qu\u2019\u00e0 une obligation de moyen, xn--alliance-en-jsus-nqb.com ne saurait \u00eatre tenu pour responsable de tout dommage, quelle qu\u2019en soit la nature, r\u00e9sultant d\u2019une indisponibilit\u00e9 du service. \u00a0 4. Propri\u00e9t\u00e9 intellectuelle : THIERRY ALBERT est propri\u00e9taire exclusif de tous les droits de propri\u00e9t\u00e9 intellectuelle ou d\u00e9tient les droits d\u2019usage sur tous les \u00e9l\u00e9ments accessibles sur le site, tant sur la structure que sur les textes, images, graphismes, logo, ic\u00f4nes, sons, logiciels\u2026Toute reproduction totale ou partielle du site xn--alliance-en-jsus-nqb.com, repr\u00e9sentation, modification, publication, adaptation totale ou partielle de l&rsquo;un quelconque de ces \u00e9l\u00e9ments, quel que soit le moyen ou le proc\u00e9d\u00e9 utilis\u00e9, est interdite, sauf autorisation \u00e9crite pr\u00e9alable de THIERRY ALBERT, propri\u00e9taire du site \u00e0 l&#8217;email : alberthi@hotmail.fr, \u00e0 d\u00e9faut elle sera consid\u00e9r\u00e9e comme constitutive d\u2019une contrefa\u00e7on et passible de poursuite conform\u00e9ment aux dispositions des articles L.335-2 et suivants du Code de Propri\u00e9t\u00e9 Intellectuelle. 5. Liens hypertextes et cookies : Le site xn--alliance-en-jsus-nqb.com contient un certain nombre de liens hypertextes vers d\u2019autres sites (partenaires, informations \u2026) mis en place avec l\u2019autorisation de THIERRY ALBERT. Cependant, THIERRY ALBERT n\u2019a pas la possibilit\u00e9 de v\u00e9rifier l&rsquo;ensemble du contenu des sites ainsi visit\u00e9s\u00a0et d\u00e9cline donc toute responsabilit\u00e9 de ce fait quand aux risques \u00e9ventuels de contenus illicites.L\u2019utilisateur est inform\u00e9 que lors de ses visites sur le site xn--alliance-en-jsus-nqb.com, un ou des cookies sont susceptibles de s\u2019installer automatiquement sur son ordinateur par l&rsquo;interm\u00e9diaire de son logiciel de navigation. Un cookie est un bloc de donn\u00e9es qui ne permet pas d&rsquo;identifier l&rsquo;utilisateur, mais qui enregistre des informations relatives \u00e0 la navigation de celui-ci sur le site.\u00a0Le param\u00e9trage du logiciel de navigation permet d\u2019informer de la pr\u00e9sence de cookie et \u00e9ventuellement, de la refuser de la mani\u00e8re d\u00e9crite \u00e0 l\u2019adresse suivante :\u00a0www.cnil.fr. L\u2019utilisateur peut toutefois configurer le navigateur de son ordinateur pour refuser l\u2019installation des cookies, sachant que le refus d&rsquo;installation d&rsquo;un cookie peut entra\u00eener l\u2019impossibilit\u00e9 d\u2019acc\u00e9der \u00e0 certains services. Pour tout blocage des cookies, tapez dans votre moteur de recherche : blocage des cookies sous IE ou firefox et suivez les instructions en fonction de votre version. 6. Protection des biens et des personnes &#8211; gestion des donn\u00e9es personnelles : En France, les donn\u00e9es personnelles sont notamment prot\u00e9g\u00e9es par la loi n\u00b0 78-87 du 6 janvier 1978, la loi n\u00b0 2004-801 du 6 ao\u00fbt 2004, l&rsquo;article L. 226-13 du Code p\u00e9nal et la Directive Europ\u00e9enne du 24 octobre 1995. Sur le site xn--alliance-en-jsus-nqb.com, THIERRY ALBERT ne collecte des informations personnelles ( suivant l&rsquo;article 4 loi n\u00b078-17 du 06 janvier 1978) relatives \u00e0 l&rsquo;utilisateur que pour le besoin de certains services propos\u00e9s par le site xn--alliance-en-jsus-nqb.com. L&rsquo;utilisateur fournit ces informations en toute connaissance de cause, notamment lorsqu&rsquo;il proc\u00e8de par lui-m\u00eame \u00e0 leur saisie. Il est alors pr\u00e9cis\u00e9 \u00e0 l&rsquo;utilisateur du site xn--alliance-en-jsus-nqb.com l\u2019obligation ou non de fournir ces informations.Conform\u00e9ment aux dispositions des articles 38 et suivants de la loi 78-17 du 6 janvier 1978 relative \u00e0 l\u2019informatique, aux fichiers et aux libert\u00e9s, tout utilisateur dispose d\u2019un droit d\u2019acc\u00e8s, de rectification, de suppression et d\u2019opposition aux donn\u00e9es personnelles le concernant. Pour l\u2019exercer, adressez votre demande \u00e0 xn--alliance-en-jsus-nqb.com par email :\u00a0alberthi@hotmail.fr\u00a0ou\u00a0par \u00e9crit\u00a0d\u00fbment sign\u00e9e, accompagn\u00e9e d\u2019une copie du titre d\u2019identit\u00e9 avec signature du titulaire de la pi\u00e8ce, en pr\u00e9cisant l\u2019adresse \u00e0 laquelle la r\u00e9ponse doit \u00eatre envoy\u00e9e. Aucune information personnelle de l&rsquo;utilisateur du site xn--alliance-en-jsus-nqb.com n&rsquo;est publi\u00e9e \u00e0 l&rsquo;insu de l&rsquo;utilisateur, \u00e9chang\u00e9e, transf\u00e9r\u00e9e, c\u00e9d\u00e9e ou vendue sur un support quelconque \u00e0 des tiers. Seule l&rsquo;hypoth\u00e8se du rachat du site xn--alliance-en-jsus-nqb.com et de ses droits autorise THIERRY ALBERT \u00e0 transmettre les dites informations \u00e0 l&rsquo;\u00e9ventuel acqu\u00e9reur qui serait \u00e0 son tour tenu\u00a0\u00e0 la m\u00eame obligation de conservation et de modification des donn\u00e9es vis \u00e0 vis de l&rsquo;utilisateur du site xn--alliance-en-jsus-nqb.com.Le site xn--alliance-en-jsus-nqb.com est en conformit\u00e9 avec le RGPD voir notre politique RGPD\u00a0 Mentions l\u00e9gales. Les bases de donn\u00e9es sont prot\u00e9g\u00e9es par les dispositions de la loi du 1er juillet 1998 transposant la directive 96\/9 du 11 mars 1996 relative \u00e0 la protection juridique des bases de donn\u00e9es.<\/p>\n","protected":false},"author":1,"featured_media":0,"parent":0,"menu_order":0,"comment_status":"closed","ping_status":"closed","template":"elementor_header_footer","meta":{"_eb_attr":"","_uag_custom_page_level_css":"","site-sidebar-layout":"no-sidebar","site-content-layout":"page-builder","ast-site-content-layout":"default","site-content-style":"default","site-sidebar-style":"default","ast-global-header-display":"","ast-banner-title-visibility":"","ast-main-header-display":"","ast-hfb-above-header-display":"","ast-hfb-below-header-display":"","ast-hfb-mobile-header-display":"","site-post-title":"disabled","ast-breadcrumbs-content":"","ast-featured-img":"disabled","footer-sml-layout":"","ast-disable-related-posts":"","theme-transparent-header-meta":"enabled","adv-header-id-meta":"","stick-header-meta":"","header-above-stick-meta":"","header-main-stick-meta":"","header-below-stick-meta":"","astra-migrate-meta-layouts":"default","ast-page-background-enabled":"default","ast-page-background-meta":{"desktop":{"background-color":"","background-image":"","background-repeat":"repeat","background-position":"center center","background-size":"auto","background-attachment":"scroll","background-type":"","background-media":"","overlay-type":"","overlay-color":"","overlay-opacity":"","overlay-gradient":""},"tablet":{"background-color":"","background-image":"","background-repeat":"repeat","background-position":"center center","background-size":"auto","background-attachment":"scroll","background-type":"","background-media":"","overlay-type":"","overlay-color":"","overlay-opacity":"","overlay-gradient":""},"mobile":{"background-color":"","background-image":"","background-repeat":"repeat","background-position":"center center","background-size":"auto","background-attachment":"scroll","background-type":"","background-media":"","overlay-type":"","overlay-color":"","overlay-opacity":"","overlay-gradient":""}},"ast-content-background-meta":{"desktop":{"background-color":"var(--ast-global-color-5)","background-image":"","background-repeat":"repeat","background-position":"center center","background-size":"auto","background-attachment":"scroll","background-type":"","background-media":"","overlay-type":"","overlay-color":"","overlay-opacity":"","overlay-gradient":""},"tablet":{"background-color":"var(--ast-global-color-5)","background-image":"","background-repeat":"repeat","background-position":"center center","background-size":"auto","background-attachment":"scroll","background-type":"","background-media":"","overlay-type":"","overlay-color":"","overlay-opacity":"","overlay-gradient":""},"mobile":{"background-color":"var(--ast-global-color-5)","background-image":"","background-repeat":"repeat","background-position":"center center","background-size":"auto","background-attachment":"scroll","background-type":"","background-media":"","overlay-type":"","overlay-color":"","overlay-opacity":"","overlay-gradient":""}},"footnotes":""},"class_list":["post-4055","page","type-page","status-publish","hentry"],"uagb_featured_image_src":{"full":false,"thumbnail":false,"medium":false,"medium_large":false,"large":false,"1536x1536":false,"2048x2048":false,"tp-image-grid":false,"ca-people-thumb":false,"ca-address-thumb":false,"ultp_layout_landscape_large":false,"ultp_layout_landscape":false,"ultp_layout_portrait":false,"ultp_layout_square":false,"mailpoet_newsletter_max":false,"masvideos_video_large":false,"masvideos_video_medium":false,"masvideos_video_thumbnail":false,"masvideos_movie_large":false,"masvideos_movie_medium":false,"masvideos_movie_thumbnail":false,"woocommerce_thumbnail":false,"woocommerce_single":false,"woocommerce_gallery_thumbnail":false},"uagb_author_info":{"display_name":"EGLISE EVANGELIQUE DE LA GUYANE","author_link":"https:\/\/allianceenjesus.com\/author\/albert"},"uagb_comment_info":0,"uagb_excerpt":"MENTIONS LEGALES : Conform\u00e9ment aux dispositions des articles 6-III et 19 de la Loi n\u00b0 2004-575 du 21 juin 2004 pour la Confiance dans l&rsquo;\u00e9conomie num\u00e9rique, dite L.C.E.N., nous portons \u00e0 la connaissance des utilisateurs et visiteurs du site :\u00a0xn--alliance-en-jsus-nqb.com\u00a0les informations suivantes : 1. Informations l\u00e9gales : Statut du propri\u00e9taire :\u00a0particulierLe Propri\u00e9taire est :\u00a0THIERRY ALBERTAdresse\u2026","_links":{"self":[{"href":"https:\/\/allianceenjesus.com\/index.php?rest_route=\/wp\/v2\/pages\/4055","targetHints":{"allow":["GET"]}}],"collection":[{"href":"https:\/\/allianceenjesus.com\/index.php?rest_route=\/wp\/v2\/pages"}],"about":[{"href":"https:\/\/allianceenjesus.com\/index.php?rest_route=\/wp\/v2\/types\/page"}],"author":[{"embeddable":true,"href":"https:\/\/allianceenjesus.com\/index.php?rest_route=\/wp\/v2\/users\/1"}],"replies":[{"embeddable":true,"href":"https:\/\/allianceenjesus.com\/index.php?rest_route=%2Fwp%2Fv2%2Fcomments&post=4055"}],"version-history":[{"count":28,"href":"https:\/\/allianceenjesus.com\/index.php?rest_route=\/wp\/v2\/pages\/4055\/revisions"}],"predecessor-version":[{"id":14182,"href":"https:\/\/allianceenjesus.com\/index.php?rest_route=\/wp\/v2\/pages\/4055\/revisions\/14182"}],"wp:attachment":[{"href":"https:\/\/allianceenjesus.com\/index.php?rest_route=%2Fwp%2Fv2%2Fmedia&parent=4055"}],"curies":[{"name":"wp","href":"https:\/\/api.w.org\/{rel}","templated":true}]}}