{"id":27900,"date":"2026-04-06T07:31:06","date_gmt":"2026-04-06T11:31:06","guid":{"rendered":"https:\/\/allianceenjesus.com\/?page_id=27900"},"modified":"2026-04-06T11:34:27","modified_gmt":"2026-04-06T15:34:27","slug":"donner-sa-vie-a-leternel-dieu","status":"publish","type":"page","link":"https:\/\/allianceenjesus.com\/?page_id=27900","title":{"rendered":"Donner sa vie \u00e0 l&rsquo;ETERNEL DIEU"},"content":{"rendered":"\t\t<div data-elementor-type=\"wp-post\" data-elementor-id=\"27900\" class=\"elementor elementor-27900\">\n\t\t\t\t\t\t<section class=\"elementor-section elementor-top-section elementor-element elementor-element-84f8c89 elementor-section-boxed ang-section-padding-initial elementor-section-height-default elementor-section-height-default wpr-particle-no wpr-jarallax-no wpr-parallax-no wpr-sticky-section-no elementor-repeater-item-none elementor-repeater-item-none_hover\" data-id=\"84f8c89\" data-element_type=\"section\">\n\t\t\t\t\t\t<div class=\"elementor-container elementor-column-gap-default\">\n\t\t\t\t\t<div class=\"elementor-column elementor-col-100 elementor-top-column elementor-element elementor-element-0ad1d20 elementor-repeater-item-none elementor-repeater-item-none_hover\" data-id=\"0ad1d20\" data-element_type=\"column\">\n\t\t\t<div class=\"elementor-widget-wrap elementor-element-populated\">\n\t\t\t\t\t\t<div class=\"elementor-element elementor-element-62a0dd7 elementor-repeater-item-none elementor-repeater-item-none_hover elementor-widget elementor-widget-spacer\" data-id=\"62a0dd7\" data-element_type=\"widget\" data-widget_type=\"spacer.default\">\n\t\t\t\t<div class=\"elementor-widget-container\">\n\t\t\t\t\t\t\t<div class=\"elementor-spacer\">\n\t\t\t<div class=\"elementor-spacer-inner\"><\/div>\n\t\t<\/div>\n\t\t\t\t\t\t<\/div>\n\t\t\t\t<\/div>\n\t\t\t\t\t<\/div>\n\t\t<\/div>\n\t\t\t\t\t<\/div>\n\t\t<\/section>\n\t\t\t\t<section class=\"elementor-section elementor-top-section elementor-element elementor-element-8c39fce elementor-section-content-middle elementor-section-height-full elementor-section-full_width ang-section-padding-initial elementor-section-height-default elementor-section-items-middle wpr-particle-no wpr-jarallax-no wpr-parallax-no wpr-sticky-section-no elementor-repeater-item-none elementor-repeater-item-none_hover\" data-id=\"8c39fce\" data-element_type=\"section\" data-settings=\"{&quot;background_background&quot;:&quot;slideshow&quot;,&quot;background_slideshow_gallery&quot;:[{&quot;id&quot;:27912,&quot;url&quot;:&quot;https:\\\/\\\/allianceenjesus.com\\\/wp-content\\\/uploads\\\/2026\\\/04\\\/elg21-clouds-9513725_1920.jpg&quot;}],&quot;background_slideshow_slide_duration&quot;:2500,&quot;background_slideshow_transition_duration&quot;:1000,&quot;background_slideshow_loop&quot;:&quot;yes&quot;,&quot;background_slideshow_slide_transition&quot;:&quot;fade&quot;}\">\n\t\t\t\t\t\t\t<div class=\"elementor-background-overlay\"><\/div>\n\t\t\t\t\t\t\t<div class=\"elementor-container elementor-column-gap-no\">\n\t\t\t\t\t<div class=\"elementor-column elementor-col-100 elementor-top-column elementor-element elementor-element-b1952b1 elementor-repeater-item-none elementor-repeater-item-none_hover\" data-id=\"b1952b1\" data-element_type=\"column\">\n\t\t\t<div class=\"elementor-widget-wrap elementor-element-populated\">\n\t\t\t\t\t\t<div class=\"elementor-element elementor-element-03b93f0 elementor-repeater-item-none elementor-repeater-item-none_hover elementor-widget elementor-widget-heading\" data-id=\"03b93f0\" data-element_type=\"widget\" data-widget_type=\"heading.default\">\n\t\t\t\t<div class=\"elementor-widget-container\">\n\t\t\t\t\t<h1 class=\"elementor-heading-title elementor-size-default\">Mets Dieu en priorit\u00e9 !<\/h1>\t\t\t\t<\/div>\n\t\t\t\t<\/div>\n\t\t\t\t\t<\/div>\n\t\t<\/div>\n\t\t\t\t\t<\/div>\n\t\t<\/section>\n\t\t\t\t<section class=\"elementor-section elementor-top-section elementor-element elementor-element-d32bf9c elementor-section-boxed ang-section-padding-initial elementor-section-height-default elementor-section-height-default wpr-particle-no wpr-jarallax-no wpr-parallax-no wpr-sticky-section-no elementor-repeater-item-none elementor-repeater-item-none_hover\" data-id=\"d32bf9c\" data-element_type=\"section\">\n\t\t\t\t\t\t<div class=\"elementor-container elementor-column-gap-default\">\n\t\t\t\t\t<div class=\"elementor-column elementor-col-100 elementor-top-column elementor-element elementor-element-8ca0313 elementor-repeater-item-none elementor-repeater-item-none_hover\" data-id=\"8ca0313\" data-element_type=\"column\">\n\t\t\t<div class=\"elementor-widget-wrap elementor-element-populated\">\n\t\t\t\t\t\t<div class=\"elementor-element elementor-element-7a7b57c elementor-repeater-item-none elementor-repeater-item-none_hover elementor-widget elementor-widget-spacer\" data-id=\"7a7b57c\" data-element_type=\"widget\" data-widget_type=\"spacer.default\">\n\t\t\t\t<div class=\"elementor-widget-container\">\n\t\t\t\t\t\t\t<div class=\"elementor-spacer\">\n\t\t\t<div class=\"elementor-spacer-inner\"><\/div>\n\t\t<\/div>\n\t\t\t\t\t\t<\/div>\n\t\t\t\t<\/div>\n\t\t\t\t\t<\/div>\n\t\t<\/div>\n\t\t\t\t\t<\/div>\n\t\t<\/section>\n\t\t\t\t<section class=\"elementor-section elementor-top-section elementor-element elementor-element-56b8e08 elementor-section-boxed ang-section-padding-initial elementor-section-height-default elementor-section-height-default wpr-particle-no wpr-jarallax-no wpr-parallax-no wpr-sticky-section-no elementor-repeater-item-none elementor-repeater-item-none_hover\" data-id=\"56b8e08\" data-element_type=\"section\">\n\t\t\t\t\t\t<div class=\"elementor-container elementor-column-gap-default\">\n\t\t\t\t\t<div class=\"elementor-column elementor-col-100 elementor-top-column elementor-element elementor-element-500ef08 elementor-repeater-item-none elementor-repeater-item-none_hover\" data-id=\"500ef08\" data-element_type=\"column\">\n\t\t\t<div class=\"elementor-widget-wrap elementor-element-populated\">\n\t\t\t\t\t\t<div class=\"elementor-element elementor-element-90aff57 elementor-repeater-item-none elementor-repeater-item-none_hover elementor-widget elementor-widget-text-editor\" data-id=\"90aff57\" data-element_type=\"widget\" data-widget_type=\"text-editor.default\">\n\t\t\t\t<div class=\"elementor-widget-container\">\n\t\t\t\t\t\t\t\t\t<p><span style=\"color: #0000ff;\">Bonjour,<\/span><\/p><p><span style=\"color: #0000ff;\">\u00a0<\/span><\/p><p><span style=\"color: #0000ff;\">Tout ce qui t\u2019arrive dans ta vie a pour but de te rapprocher de Dieu, e<\/span><span style=\"color: #0000ff;\">t il se laisse trouver par ceux qui le cherchent.<\/span><\/p><p><span style=\"color: #0000ff;\">\u00a0<\/span><\/p><p><span style=\"color: #0000ff;\">Veux-tu mettre Dieu en priorit\u00e9 dans ta vie ?<\/span><\/p><p><span style=\"color: #0000ff;\">\u00a0<\/span><\/p><p><span style=\"color: #0000ff;\">L\u2019\u00c9ternel Dieu est le cr\u00e9ateur de l&rsquo;univers, du ciel, de la terre et de tout ce qu\u2019elle renferme.<\/span><\/p><p><span style=\"color: #0000ff; font-style: inherit; font-weight: inherit;\">Ne pas conna\u00eetre la parole de Dieu c\u2019est comme vivre sans conna\u00eetre Dieu et son plan pour toi.<\/span><\/p><p><span style=\"color: #0000ff;\">C\u2019est comme un c\u0153ur qui cherche sa raison d\u2019\u00eatre, de vivre et a combler un vide inexplicable.<\/span><\/p><p><span style=\"color: #0000ff;\">\u00a0<\/span><\/p><p><span style=\"color: #0000ff;\">Dieu veut te sauver du mal, te rapprocher de lui et t&rsquo;offrir la vie \u00c9ternel en J\u00e9sus-Christ de Nazareth qu&rsquo;il a envoy\u00e9 pour le pardon de nos p\u00e9ch\u00e9s <em>(nos d\u00e9sob\u00e9issances envers Dieu)<\/em>.<\/span><\/p><p><span style=\"color: #0000ff;\">\u00a0<\/span><\/p><p><span style=\"color: #0000ff;\">Dieu frappe \u00e0 la porte de ton c\u0153ur, ouvre ton coeur \u00e0 Dieu et il viendra.<\/span><\/p><p><span style=\"color: #0000ff;\">\u00a0<\/span><\/p><p><span style=\"color: #0000ff;\">Est-ce que tu comprends pourquoi rien ne te rend profond\u00e9ment heureux ?<\/span><\/p><p><span style=\"color: #0000ff;\">Car c\u2019est Dieu notre v\u00e9ritable bonheur, il est le moteur et le carburant de notre c\u0153ur. Sans lui, notre c\u0153ur est souffrant et avec lui-m\u00eame la souffrance devient l\u00e9g\u00e8re.<\/span><\/p><p><span style=\"color: #0000ff;\">\u00a0<\/span><\/p><p><span style=\"color: #0000ff;\">Dieu nous pardonne nos offenses en J\u00e9sus-Christ de Nazareth afin de ne pas aller en enfer.\u00a0<\/span><span style=\"color: #0000ff; font-style: inherit; font-weight: inherit;\">Sauve ton \u00e2me !<\/span><\/p><p><span style=\"color: #0000ff; font-style: inherit; font-weight: inherit;\">\u00a0<\/span><\/p><p><span style=\"color: #0000ff;\">Si tu veux te r\u00e9concilier avec Dieu et qu&rsquo;il te sauve du mal alors accepte Dieu dans ta vie. Tu peux lire la pri\u00e8re en dessous puis la r\u00e9p\u00e9ter \u00e0 haute voix voie de ton ton coeur :<\/span><\/p><p><span style=\"color: #0000ff;\">\u00a0<\/span><\/p><p><span style=\"color: #0000ff;\">L\u2019\u00c9ternel Dieu je crois que tu m\u2019appel, je crois que tu a envoy\u00e9 ton fils J\u00e9sus-Christ de Nazareth afin que je retrouve une communion avec toi et pour que je sois sauv\u00e9.<\/span><\/p><p><span style=\"color: #0000ff;\">Je te demande sinc\u00e8rement pardon pour tout le mal que j\u2019ai fais, je te prie de m\u2019enseigner tes commandements afin que je les mettent en pratique. Seigneur J\u00e9sus-Christ je t\u2019accepte comme sauveur et seigneur. <\/span><\/p><p><span style=\"color: #0000ff;\">Manifeste-toi \u00e0 moi. <\/span><\/p><p><span style=\"color: #0000ff;\">\u00a0<\/span><\/p><p><span style=\"color: #0000ff;\">Amen.<\/span><\/p><p><span style=\"color: #0000ff;\">\u00a0<\/span><\/p><div style=\"mso-element: para-border-div; border: solid windowtext 1.0pt; mso-border-alt: solid windowtext .5pt; padding: 1.0pt 4.0pt 1.0pt 4.0pt;\"><div style=\"mso-element: para-border-div; border: solid windowtext 1.0pt; mso-border-alt: solid windowtext .5pt; padding: 1.0pt 4.0pt 1.0pt 4.0pt;\"><p style=\"text-align: center; border-width: initial; border-style: none; padding: 0cm;\" align=\"center\">D\u00e9sormais, il faudra recommander \u00e0 Dieu toutes tes d\u00e9cisions en les lui soumettant par la pri\u00e8re, et tu devras chercher une \u00e9glise pour \u00eatre enseign\u00e9 et nourri de la parole de Dieu, si ce n&rsquo;est pas encore le cas, afin d&rsquo;\u00eatre baptis\u00e9 et devenir disciple de J\u00e9sus-Christ.<\/p><\/div><\/div>\t\t\t\t\t\t\t\t<\/div>\n\t\t\t\t<\/div>\n\t\t\t\t\t<\/div>\n\t\t<\/div>\n\t\t\t\t\t<\/div>\n\t\t<\/section>\n\t\t\t\t<section class=\"elementor-section elementor-top-section elementor-element elementor-element-2d74a46 elementor-section-boxed ang-section-padding-initial elementor-section-height-default elementor-section-height-default wpr-particle-no wpr-jarallax-no wpr-parallax-no wpr-sticky-section-no elementor-repeater-item-none elementor-repeater-item-none_hover\" data-id=\"2d74a46\" data-element_type=\"section\">\n\t\t\t\t\t\t<div class=\"elementor-container elementor-column-gap-default\">\n\t\t\t\t\t<div class=\"elementor-column elementor-col-100 elementor-top-column elementor-element elementor-element-b515067 elementor-repeater-item-none elementor-repeater-item-none_hover\" data-id=\"b515067\" data-element_type=\"column\">\n\t\t\t<div class=\"elementor-widget-wrap elementor-element-populated\">\n\t\t\t\t\t\t<div class=\"elementor-element elementor-element-207284c elementor-repeater-item-none elementor-repeater-item-none_hover elementor-widget elementor-widget-spacer\" data-id=\"207284c\" data-element_type=\"widget\" data-widget_type=\"spacer.default\">\n\t\t\t\t<div class=\"elementor-widget-container\">\n\t\t\t\t\t\t\t<div class=\"elementor-spacer\">\n\t\t\t<div class=\"elementor-spacer-inner\"><\/div>\n\t\t<\/div>\n\t\t\t\t\t\t<\/div>\n\t\t\t\t<\/div>\n\t\t\t\t\t<\/div>\n\t\t<\/div>\n\t\t\t\t\t<\/div>\n\t\t<\/section>\n\t\t\t\t<section class=\"elementor-section elementor-top-section elementor-element elementor-element-98c345e elementor-section-boxed ang-section-padding-initial elementor-section-height-default elementor-section-height-default wpr-particle-no wpr-jarallax-no wpr-parallax-no wpr-sticky-section-no elementor-repeater-item-none elementor-repeater-item-none_hover\" data-id=\"98c345e\" data-element_type=\"section\">\n\t\t\t\t\t\t<div class=\"elementor-container elementor-column-gap-default\">\n\t\t\t\t\t<div class=\"elementor-column elementor-col-100 elementor-top-column elementor-element elementor-element-a382f54 elementor-repeater-item-none elementor-repeater-item-none_hover\" data-id=\"a382f54\" data-element_type=\"column\">\n\t\t\t<div class=\"elementor-widget-wrap\">\n\t\t\t\t\t\t\t<\/div>\n\t\t<\/div>\n\t\t\t\t\t<\/div>\n\t\t<\/section>\n\t\t<div class=\"elementor-element elementor-element-12d3cda e-flex e-con-boxed elementor-repeater-item-default_padding elementor-repeater-item-none elementor-repeater-item-none_hover wpr-particle-no wpr-jarallax-no wpr-parallax-no wpr-sticky-section-no e-con e-parent\" data-id=\"12d3cda\" data-element_type=\"container\" data-settings=\"{&quot;ang_container_spacing_size&quot;:&quot;default_padding&quot;}\">\n\t\t\t\t\t<div class=\"e-con-inner\">\n\t\t<div class=\"elementor-element elementor-element-45f47eb e-con-full e-flex elementor-repeater-item-default_padding sk-none elementor-repeater-item-none elementor-repeater-item-none_hover wpr-particle-no wpr-jarallax-no wpr-parallax-no wpr-sticky-section-no e-con e-child\" data-id=\"45f47eb\" data-element_type=\"container\" data-settings=\"{&quot;background_background&quot;:&quot;classic&quot;,&quot;ang_container_spacing_size&quot;:&quot;default_padding&quot;}\">\n\t\t\t\t<div class=\"elementor-element elementor-element-66c82ec elementor-repeater-item-none elementor-repeater-item-none_hover elementor-widget elementor-widget-heading\" data-id=\"66c82ec\" data-element_type=\"widget\" data-widget_type=\"heading.default\">\n\t\t\t\t<div class=\"elementor-widget-container\">\n\t\t\t\t\t<h2 class=\"elementor-heading-title elementor-size-default\"><a href=\"https:\/\/allianceenjesus.com\/?page_id=4063\">Nos \u00e9glises en Guyane<br>\n\nCliquez ici<\/a><\/h2>\t\t\t\t<\/div>\n\t\t\t\t<\/div>\n\t\t\t\t<\/div>\n\t\t<div class=\"elementor-element elementor-element-bd895b1 e-con-full e-flex elementor-repeater-item-default_padding elementor-repeater-item-none elementor-repeater-item-none_hover wpr-particle-no wpr-jarallax-no wpr-parallax-no wpr-sticky-section-no e-con e-child\" data-id=\"bd895b1\" data-element_type=\"container\" data-settings=\"{&quot;ang_container_spacing_size&quot;:&quot;default_padding&quot;}\">\n\t\t<div class=\"elementor-element elementor-element-669617c e-con-full elementor-repeater-item-none_hover e-flex elementor-repeater-item-default_padding sk-none elementor-repeater-item-none wpr-particle-no wpr-jarallax-no wpr-parallax-no wpr-sticky-section-no e-con e-child\" data-id=\"669617c\" data-element_type=\"container\" data-settings=\"{&quot;background_background&quot;:&quot;classic&quot;,&quot;ang_container_spacing_size&quot;:&quot;default_padding&quot;}\">\n\t\t\t\t<div class=\"elementor-element elementor-element-c06a55e elementor-repeater-item-none elementor-repeater-item-none_hover elementor-widget elementor-widget-heading\" data-id=\"c06a55e\" data-element_type=\"widget\" data-widget_type=\"heading.default\">\n\t\t\t\t<div class=\"elementor-widget-container\">\n\t\t\t\t\t<h2 class=\"elementor-heading-title elementor-size-default\"><a href=\"https:\/\/www.eglises.org\/\" target=\"_blank\" rel=\"noopener\">Nos \u00e9glises en France\n\n<br>Cliquez ici<\/a><\/h2>\t\t\t\t<\/div>\n\t\t\t\t<\/div>\n\t\t\t\t<\/div>\n\t\t\t\t<\/div>\n\t\t\t\t\t<\/div>\n\t\t\t\t<\/div>\n\t\t<div class=\"elementor-element elementor-element-c416b81 e-flex e-con-boxed elementor-repeater-item-default_padding elementor-repeater-item-none elementor-repeater-item-none_hover wpr-particle-no wpr-jarallax-no wpr-parallax-no wpr-sticky-section-no e-con e-parent\" data-id=\"c416b81\" data-element_type=\"container\" data-settings=\"{&quot;ang_container_spacing_size&quot;:&quot;default_padding&quot;}\">\n\t\t\t\t\t<div class=\"e-con-inner\">\n\t\t\t\t\t<\/div>\n\t\t\t\t<\/div>\n\t\t\t\t<section class=\"elementor-section elementor-top-section elementor-element elementor-element-e0f17f7 elementor-section-boxed ang-section-padding-initial elementor-section-height-default elementor-section-height-default wpr-particle-no wpr-jarallax-no wpr-parallax-no wpr-sticky-section-no elementor-repeater-item-none elementor-repeater-item-none_hover\" data-id=\"e0f17f7\" data-element_type=\"section\">\n\t\t\t\t\t\t<div class=\"elementor-container elementor-column-gap-default\">\n\t\t\t\t\t<div class=\"elementor-column elementor-col-100 elementor-top-column elementor-element elementor-element-d1c3c77 elementor-repeater-item-none elementor-repeater-item-none_hover\" data-id=\"d1c3c77\" data-element_type=\"column\">\n\t\t\t<div class=\"elementor-widget-wrap elementor-element-populated\">\n\t\t\t\t\t\t<div class=\"elementor-element elementor-element-0b987cf elementor-repeater-item-none elementor-repeater-item-none_hover elementor-widget elementor-widget-spacer\" data-id=\"0b987cf\" data-element_type=\"widget\" data-widget_type=\"spacer.default\">\n\t\t\t\t<div class=\"elementor-widget-container\">\n\t\t\t\t\t\t\t<div class=\"elementor-spacer\">\n\t\t\t<div class=\"elementor-spacer-inner\"><\/div>\n\t\t<\/div>\n\t\t\t\t\t\t<\/div>\n\t\t\t\t<\/div>\n\t\t\t\t\t<\/div>\n\t\t<\/div>\n\t\t\t\t\t<\/div>\n\t\t<\/section>\n\t\t\t\t<section class=\"elementor-section elementor-top-section elementor-element elementor-element-e7f1946 elementor-section-boxed ang-section-padding-initial elementor-section-height-default elementor-section-height-default wpr-particle-no wpr-jarallax-no wpr-parallax-no wpr-sticky-section-no elementor-repeater-item-none elementor-repeater-item-none_hover\" data-id=\"e7f1946\" data-element_type=\"section\">\n\t\t\t\t\t\t<div class=\"elementor-container elementor-column-gap-default\">\n\t\t\t\t\t<div class=\"elementor-column elementor-col-100 elementor-top-column elementor-element elementor-element-c298afe elementor-repeater-item-none elementor-repeater-item-none_hover\" data-id=\"c298afe\" data-element_type=\"column\">\n\t\t\t<div class=\"elementor-widget-wrap elementor-element-populated\">\n\t\t\t\t\t\t<div class=\"elementor-element elementor-element-3aa0373 elementor-repeater-item-none elementor-repeater-item-none_hover elementor-widget elementor-widget-spacer\" data-id=\"3aa0373\" data-element_type=\"widget\" data-widget_type=\"spacer.default\">\n\t\t\t\t<div class=\"elementor-widget-container\">\n\t\t\t\t\t\t\t<div class=\"elementor-spacer\">\n\t\t\t<div class=\"elementor-spacer-inner\"><\/div>\n\t\t<\/div>\n\t\t\t\t\t\t<\/div>\n\t\t\t\t<\/div>\n\t\t\t\t\t<\/div>\n\t\t<\/div>\n\t\t\t\t\t<\/div>\n\t\t<\/section>\n\t\t\t\t<\/div>\n\t\t","protected":false},"excerpt":{"rendered":"<p>Mets Dieu en priorit\u00e9 ! Bonjour, \u00a0 Tout ce qui t\u2019arrive dans ta vie a pour but de te rapprocher de Dieu, et il se laisse trouver par ceux qui le cherchent. \u00a0 Veux-tu mettre Dieu en priorit\u00e9 dans ta vie ? \u00a0 L\u2019\u00c9ternel Dieu est le cr\u00e9ateur de l&rsquo;univers, du ciel, de la terre et de tout ce qu\u2019elle renferme. Ne pas conna\u00eetre la parole de Dieu c\u2019est comme vivre sans conna\u00eetre Dieu et son plan pour toi. C\u2019est comme un c\u0153ur qui cherche sa raison d\u2019\u00eatre, de vivre et a combler un vide inexplicable. \u00a0 Dieu veut te sauver du mal, te rapprocher de lui et t&rsquo;offrir la vie \u00c9ternel en J\u00e9sus-Christ de Nazareth qu&rsquo;il a envoy\u00e9 pour le pardon de nos p\u00e9ch\u00e9s (nos d\u00e9sob\u00e9issances envers Dieu). \u00a0 Dieu frappe \u00e0 la porte de ton c\u0153ur, ouvre ton coeur \u00e0 Dieu et il viendra. \u00a0 Est-ce que tu comprends pourquoi rien ne te rend profond\u00e9ment heureux ? Car c\u2019est Dieu notre v\u00e9ritable bonheur, il est le moteur et le carburant de notre c\u0153ur. Sans lui, notre c\u0153ur est souffrant et avec lui-m\u00eame la souffrance devient l\u00e9g\u00e8re. \u00a0 Dieu nous pardonne nos offenses en J\u00e9sus-Christ de Nazareth afin de ne pas aller en enfer.\u00a0Sauve ton \u00e2me ! \u00a0 Si tu veux te r\u00e9concilier avec Dieu et qu&rsquo;il te sauve du mal alors accepte Dieu dans ta vie. Tu peux lire la pri\u00e8re en dessous puis la r\u00e9p\u00e9ter \u00e0 haute voix voie de ton ton coeur : \u00a0 L\u2019\u00c9ternel Dieu je crois que tu m\u2019appel, je crois que tu a envoy\u00e9 ton fils J\u00e9sus-Christ de Nazareth afin que je retrouve une communion avec toi et pour que je sois sauv\u00e9. Je te demande sinc\u00e8rement pardon pour tout le mal que j\u2019ai fais, je te prie de m\u2019enseigner tes commandements afin que je les mettent en pratique. Seigneur J\u00e9sus-Christ je t\u2019accepte comme sauveur et seigneur. Manifeste-toi \u00e0 moi. \u00a0 Amen. \u00a0 D\u00e9sormais, il faudra recommander \u00e0 Dieu toutes tes d\u00e9cisions en les lui soumettant par la pri\u00e8re, et tu devras chercher une \u00e9glise pour \u00eatre enseign\u00e9 et nourri de la parole de Dieu, si ce n&rsquo;est pas encore le cas, afin d&rsquo;\u00eatre baptis\u00e9 et devenir disciple de J\u00e9sus-Christ. Nos \u00e9glises en Guyane Cliquez ici Nos \u00e9glises en France Cliquez ici<\/p>\n","protected":false},"author":2,"featured_media":0,"parent":0,"menu_order":0,"comment_status":"closed","ping_status":"closed","template":"elementor_header_footer","meta":{"_eb_attr":"","_uag_custom_page_level_css":"","site-sidebar-layout":"no-sidebar","site-content-layout":"","ast-site-content-layout":"full-width-container","site-content-style":"unboxed","site-sidebar-style":"unboxed","ast-global-header-display":"","ast-banner-title-visibility":"","ast-main-header-display":"","ast-hfb-above-header-display":"","ast-hfb-below-header-display":"","ast-hfb-mobile-header-display":"","site-post-title":"disabled","ast-breadcrumbs-content":"","ast-featured-img":"disabled","footer-sml-layout":"","ast-disable-related-posts":"","theme-transparent-header-meta":"enabled","adv-header-id-meta":"","stick-header-meta":"","header-above-stick-meta":"","header-main-stick-meta":"","header-below-stick-meta":"","astra-migrate-meta-layouts":"default","ast-page-background-enabled":"default","ast-page-background-meta":{"desktop":{"background-color":"","background-image":"","background-repeat":"repeat","background-position":"center center","background-size":"auto","background-attachment":"scroll","background-type":"","background-media":"","overlay-type":"","overlay-color":"","overlay-opacity":"","overlay-gradient":""},"tablet":{"background-color":"","background-image":"","background-repeat":"repeat","background-position":"center center","background-size":"auto","background-attachment":"scroll","background-type":"","background-media":"","overlay-type":"","overlay-color":"","overlay-opacity":"","overlay-gradient":""},"mobile":{"background-color":"","background-image":"","background-repeat":"repeat","background-position":"center center","background-size":"auto","background-attachment":"scroll","background-type":"","background-media":"","overlay-type":"","overlay-color":"","overlay-opacity":"","overlay-gradient":""}},"ast-content-background-meta":{"desktop":{"background-color":"var(--ast-global-color-5)","background-image":"","background-repeat":"repeat","background-position":"center center","background-size":"auto","background-attachment":"scroll","background-type":"","background-media":"","overlay-type":"","overlay-color":"","overlay-opacity":"","overlay-gradient":""},"tablet":{"background-color":"var(--ast-global-color-5)","background-image":"","background-repeat":"repeat","background-position":"center center","background-size":"auto","background-attachment":"scroll","background-type":"","background-media":"","overlay-type":"","overlay-color":"","overlay-opacity":"","overlay-gradient":""},"mobile":{"background-color":"var(--ast-global-color-5)","background-image":"","background-repeat":"repeat","background-position":"center center","background-size":"auto","background-attachment":"scroll","background-type":"","background-media":"","overlay-type":"","overlay-color":"","overlay-opacity":"","overlay-gradient":""}},"footnotes":""},"class_list":["post-27900","page","type-page","status-publish","hentry"],"uagb_featured_image_src":{"full":false,"thumbnail":false,"medium":false,"medium_large":false,"large":false,"1536x1536":false,"2048x2048":false,"tp-image-grid":false,"ca-people-thumb":false,"ca-address-thumb":false,"ultp_layout_landscape_large":false,"ultp_layout_landscape":false,"ultp_layout_portrait":false,"ultp_layout_square":false,"mailpoet_newsletter_max":false,"masvideos_video_large":false,"masvideos_video_medium":false,"masvideos_video_thumbnail":false,"masvideos_movie_large":false,"masvideos_movie_medium":false,"masvideos_movie_thumbnail":false,"woocommerce_thumbnail":false,"woocommerce_single":false,"woocommerce_gallery_thumbnail":false},"uagb_author_info":{"display_name":"Serviteur","author_link":"https:\/\/allianceenjesus.com\/author\/jaijp3a12g7"},"uagb_comment_info":0,"uagb_excerpt":"Mets Dieu en priorit\u00e9 ! Bonjour, \u00a0 Tout ce qui t\u2019arrive dans ta vie a pour but de te rapprocher de Dieu, et il se laisse trouver par ceux qui le cherchent. \u00a0 Veux-tu mettre Dieu en priorit\u00e9 dans ta vie ? \u00a0 L\u2019\u00c9ternel Dieu est le cr\u00e9ateur de l&rsquo;univers, du ciel, de la terre\u2026","_links":{"self":[{"href":"https:\/\/allianceenjesus.com\/index.php?rest_route=\/wp\/v2\/pages\/27900","targetHints":{"allow":["GET"]}}],"collection":[{"href":"https:\/\/allianceenjesus.com\/index.php?rest_route=\/wp\/v2\/pages"}],"about":[{"href":"https:\/\/allianceenjesus.com\/index.php?rest_route=\/wp\/v2\/types\/page"}],"author":[{"embeddable":true,"href":"https:\/\/allianceenjesus.com\/index.php?rest_route=\/wp\/v2\/users\/2"}],"replies":[{"embeddable":true,"href":"https:\/\/allianceenjesus.com\/index.php?rest_route=%2Fwp%2Fv2%2Fcomments&post=27900"}],"version-history":[{"count":137,"href":"https:\/\/allianceenjesus.com\/index.php?rest_route=\/wp\/v2\/pages\/27900\/revisions"}],"predecessor-version":[{"id":28046,"href":"https:\/\/allianceenjesus.com\/index.php?rest_route=\/wp\/v2\/pages\/27900\/revisions\/28046"}],"wp:attachment":[{"href":"https:\/\/allianceenjesus.com\/index.php?rest_route=%2Fwp%2Fv2%2Fmedia&parent=27900"}],"curies":[{"name":"wp","href":"https:\/\/api.w.org\/{rel}","templated":true}]}}