{"id":18556,"date":"2025-10-15T09:29:19","date_gmt":"2025-10-15T13:29:19","guid":{"rendered":"https:\/\/allianceenjesus.com\/?page_id=18556"},"modified":"2025-12-05T22:48:38","modified_gmt":"2025-12-06T02:48:38","slug":"concordance-biblique","status":"publish","type":"page","link":"https:\/\/allianceenjesus.com\/?page_id=18556","title":{"rendered":"Concordance biblique"},"content":{"rendered":"\t\t<div data-elementor-type=\"wp-post\" data-elementor-id=\"18556\" class=\"elementor elementor-18556\">\n\t\t\t\t\t\t<section class=\"elementor-section elementor-top-section elementor-element elementor-element-62ea898 ang-section-padding-no elementor-section-boxed elementor-section-height-default elementor-section-height-default wpr-particle-no wpr-jarallax-no wpr-parallax-no wpr-sticky-section-no elementor-repeater-item-none elementor-repeater-item-none_hover wpr-column-slider-no wpr-equal-height-no\" data-id=\"62ea898\" data-element_type=\"section\" data-e-type=\"section\">\n\t\t\t\t\t\t<div class=\"elementor-container elementor-column-gap-default\">\n\t\t\t\t\t<div class=\"elementor-column elementor-col-100 elementor-top-column elementor-element elementor-element-8ddecef elementor-repeater-item-none elementor-repeater-item-none_hover\" data-id=\"8ddecef\" data-element_type=\"column\" data-e-type=\"column\">\n\t\t\t<div class=\"elementor-widget-wrap elementor-element-populated\">\n\t\t\t\t\t\t<div class=\"elementor-element elementor-element-c6854ba elementor-repeater-item-none elementor-repeater-item-none_hover elementor-widget elementor-widget-spacer\" data-id=\"c6854ba\" data-element_type=\"widget\" data-e-type=\"widget\" data-widget_type=\"spacer.default\">\n\t\t\t\t<div class=\"elementor-widget-container\">\n\t\t\t\t\t\t\t<div class=\"elementor-spacer\">\n\t\t\t<div class=\"elementor-spacer-inner\"><\/div>\n\t\t<\/div>\n\t\t\t\t\t\t<\/div>\n\t\t\t\t<\/div>\n\t\t\t\t\t<\/div>\n\t\t<\/div>\n\t\t\t\t\t<\/div>\n\t\t<\/section>\n\t\t\t\t<section class=\"elementor-section elementor-top-section elementor-element elementor-element-8c39fce elementor-section-content-middle elementor-section-height-full ang-section-padding-no elementor-section-boxed elementor-section-height-default elementor-section-items-middle wpr-particle-no wpr-jarallax-no wpr-parallax-no wpr-sticky-section-no elementor-repeater-item-none elementor-repeater-item-none_hover wpr-column-slider-no wpr-equal-height-no\" data-id=\"8c39fce\" data-element_type=\"section\" data-e-type=\"section\" data-settings=\"{&quot;background_background&quot;:&quot;classic&quot;}\">\n\t\t\t\t\t\t\t<div class=\"elementor-background-overlay\"><\/div>\n\t\t\t\t\t\t\t<div class=\"elementor-container elementor-column-gap-no\">\n\t\t\t\t\t<div class=\"elementor-column elementor-col-100 elementor-top-column elementor-element elementor-element-b1952b1 elementor-repeater-item-none elementor-repeater-item-none_hover\" data-id=\"b1952b1\" data-element_type=\"column\" data-e-type=\"column\">\n\t\t\t<div class=\"elementor-widget-wrap elementor-element-populated\">\n\t\t\t\t\t\t<div class=\"elementor-element elementor-element-03b93f0 elementor-repeater-item-none elementor-repeater-item-none_hover elementor-widget elementor-widget-heading\" data-id=\"03b93f0\" data-element_type=\"widget\" data-e-type=\"widget\" data-widget_type=\"heading.default\">\n\t\t\t\t<div class=\"elementor-widget-container\">\n\t\t\t\t\t<h1 class=\"elementor-heading-title elementor-size-default\">Concordance Biblique<\/h1>\t\t\t\t<\/div>\n\t\t\t\t<\/div>\n\t\t\t\t\t<\/div>\n\t\t<\/div>\n\t\t\t\t\t<\/div>\n\t\t<\/section>\n\t\t<div class=\"elementor-element elementor-element-312ee07 e-flex e-con-boxed elementor-repeater-item-default_padding elementor-repeater-item-none elementor-repeater-item-none_hover wpr-particle-no wpr-jarallax-no wpr-parallax-no wpr-sticky-section-no wpr-column-slider-no wpr-equal-height-no e-con e-parent\" data-id=\"312ee07\" data-element_type=\"container\" data-e-type=\"container\" data-settings=\"{&quot;ang_container_spacing_size&quot;:&quot;default_padding&quot;}\">\n\t\t\t\t\t<div class=\"e-con-inner\">\n\t\t\t\t<div class=\"elementor-element elementor-element-2f45b4e elementor-repeater-item-none elementor-repeater-item-none_hover elementor-widget elementor-widget-spacer\" data-id=\"2f45b4e\" data-element_type=\"widget\" data-e-type=\"widget\" data-widget_type=\"spacer.default\">\n\t\t\t\t<div class=\"elementor-widget-container\">\n\t\t\t\t\t\t\t<div class=\"elementor-spacer\">\n\t\t\t<div class=\"elementor-spacer-inner\"><\/div>\n\t\t<\/div>\n\t\t\t\t\t\t<\/div>\n\t\t\t\t<\/div>\n\t\t\t\t\t<\/div>\n\t\t\t\t<\/div>\n\t\t<div class=\"elementor-element elementor-element-575c766 e-flex e-con-boxed elementor-repeater-item-default_padding elementor-repeater-item-none elementor-repeater-item-none_hover wpr-particle-no wpr-jarallax-no wpr-parallax-no wpr-sticky-section-no wpr-column-slider-no wpr-equal-height-no e-con e-parent\" data-id=\"575c766\" data-element_type=\"container\" data-e-type=\"container\" data-settings=\"{&quot;ang_container_spacing_size&quot;:&quot;default_padding&quot;}\">\n\t\t\t\t\t<div class=\"e-con-inner\">\n\t\t\t\t\t<\/div>\n\t\t\t\t<\/div>\n\t\t<div class=\"elementor-element elementor-element-84f8090 e-flex e-con-boxed elementor-repeater-item-default_padding elementor-repeater-item-none elementor-repeater-item-none_hover wpr-particle-no wpr-jarallax-no wpr-parallax-no wpr-sticky-section-no wpr-column-slider-no wpr-equal-height-no e-con e-parent\" data-id=\"84f8090\" data-element_type=\"container\" data-e-type=\"container\" data-settings=\"{&quot;ang_container_spacing_size&quot;:&quot;default_padding&quot;}\">\n\t\t\t\t\t<div class=\"e-con-inner\">\n\t\t\t\t<div class=\"elementor-element elementor-element-cc275fe elementor-repeater-item-none elementor-repeater-item-none_hover elementor-widget elementor-widget-html\" data-id=\"cc275fe\" data-element_type=\"widget\" data-e-type=\"widget\" data-widget_type=\"html.default\">\n\t\t\t\t<div class=\"elementor-widget-container\">\n\t\t\t\t\t<div style=\"text-align:center; margin-bottom:10px;\">\r\n  <button id=\"fullscreen-btn\" style=\"\r\n    padding:8px 16px;\r\n    background-color:#0073aa;\r\n    color:white;\r\n    border:none;\r\n    border-radius:6px;\r\n    cursor:pointer;\r\n  \">\r\n    \ud83d\udd32 Plein \u00e9cran\r\n  <\/button>\r\n<\/div>\r\n\r\n<style>\r\n  \/* Conteneur de l'iframe *\/\r\n  #iframe-container {\r\n    position: relative;\r\n    width: 100%;\r\n    height: 800px; \/* hauteur normale *\/\r\n    overflow: hidden; \/* normal *\/\r\n  }\r\n\r\n  \/* Conteneur en plein \u00e9cran *\/\r\n  #iframe-container.fullscreen {\r\n    width: 100vw !important;\r\n    height: 100vh !important;\r\n    overflow: auto !important; \/* scroll vertical + horizontal *\/\r\n  }\r\n\r\n  \/* Iframe *\/\r\n  #monIframe {\r\n    width: 100%;\r\n    height: 100%;\r\n    border: 1px solid #ccc;\r\n    display: block;\r\n    overflow: auto; \/* scroll interne *\/\r\n  }\r\n\r\n  \/* Table wrapper (si tableau dans l'iframe utilise cette classe) *\/\r\n  .table-wrapper {\r\n      width: 100%;\r\n      overflow-x: auto;\r\n  }\r\n\r\n  table {\r\n      width: 100%;\r\n      border-collapse: collapse;\r\n      table-layout: auto;\r\n  }\r\n\r\n  table th,\r\n  table td {\r\n      padding: 10px;\r\n      border: 1px solid #ccc;\r\n      text-align: left;\r\n      background: #fff;\r\n  }\r\n\r\n  table thead th {\r\n      position: sticky;\r\n      top: 0;\r\n      z-index: 20;\r\n      background-color: #f2f2f2;\r\n  }\r\n\r\n  @media (max-width: 768px) {\r\n      table th,\r\n      table td {\r\n          font-size: 14px;\r\n          padding: 6px;\r\n      }\r\n  }\r\n<\/style>\r\n\r\n<div id=\"iframe-container\">\r\n  <iframe\r\n    id=\"monIframe\"\r\n    src=\"https:\/\/allianceenjesus.com\/bible\/index.php\"\r\n    scrolling=\"yes\"\r\n  ><\/iframe>\r\n<\/div>\r\n\r\n<script>\r\nconst iframeContainer = document.getElementById('iframe-container');\r\nconst iframe = document.getElementById('monIframe');\r\n\r\n\/\/ Bouton plein \u00e9cran\r\ndocument.getElementById('fullscreen-btn').addEventListener('click', () => {\r\n  if (!document.fullscreenElement) {\r\n    iframeContainer.requestFullscreen().catch(err => {\r\n      console.error(`Erreur : ${err.message}`);\r\n    });\r\n  } else {\r\n    document.exitFullscreen();\r\n  }\r\n});\r\n\r\n\/\/ Ajuste la hauteur et scroll en plein \u00e9cran\r\ndocument.addEventListener('fullscreenchange', () => {\r\n  if (document.fullscreenElement === iframeContainer) {\r\n    iframeContainer.classList.add(\"fullscreen\");\r\n    iframe.style.width = \"100%\";\r\n    iframe.style.height = \"100%\";\r\n    iframe.style.overflow = \"auto\"; \/\/ assure scroll vertical\/horizontal\r\n  } else {\r\n    iframeContainer.classList.remove(\"fullscreen\");\r\n    iframe.style.height = \"100%\";\r\n  }\r\n});\r\n<\/script>\r\n\t\t\t\t<\/div>\n\t\t\t\t<\/div>\n\t\t\t\t\t<\/div>\n\t\t\t\t<\/div>\n\t\t<div class=\"elementor-element elementor-element-8db3f37 e-flex e-con-boxed elementor-repeater-item-default_padding elementor-repeater-item-none elementor-repeater-item-none_hover wpr-particle-no wpr-jarallax-no wpr-parallax-no wpr-sticky-section-no wpr-column-slider-no wpr-equal-height-no e-con e-parent\" data-id=\"8db3f37\" data-element_type=\"container\" data-e-type=\"container\" data-settings=\"{&quot;ang_container_spacing_size&quot;:&quot;default_padding&quot;}\">\n\t\t\t\t\t<div class=\"e-con-inner\">\n\t\t\t\t<div class=\"elementor-element elementor-element-9a37c42 elementor-repeater-item-none elementor-repeater-item-none_hover elementor-widget elementor-widget-spacer\" data-id=\"9a37c42\" data-element_type=\"widget\" data-e-type=\"widget\" data-widget_type=\"spacer.default\">\n\t\t\t\t<div class=\"elementor-widget-container\">\n\t\t\t\t\t\t\t<div class=\"elementor-spacer\">\n\t\t\t<div class=\"elementor-spacer-inner\"><\/div>\n\t\t<\/div>\n\t\t\t\t\t\t<\/div>\n\t\t\t\t<\/div>\n\t\t\t\t\t<\/div>\n\t\t\t\t<\/div>\n\t\t<div class=\"elementor-element elementor-element-2cce1dd e-flex e-con-boxed elementor-repeater-item-default_padding elementor-repeater-item-none elementor-repeater-item-none_hover wpr-particle-no wpr-jarallax-no wpr-parallax-no wpr-sticky-section-no wpr-column-slider-no wpr-equal-height-no e-con e-parent\" data-id=\"2cce1dd\" data-element_type=\"container\" data-e-type=\"container\" data-settings=\"{&quot;ang_container_spacing_size&quot;:&quot;default_padding&quot;}\">\n\t\t\t\t\t<div class=\"e-con-inner\">\n\t\t\t\t<div class=\"elementor-element elementor-element-bb78443 elementor-repeater-item-none elementor-repeater-item-none_hover elementor-widget elementor-widget-spacer\" data-id=\"bb78443\" data-element_type=\"widget\" data-e-type=\"widget\" data-widget_type=\"spacer.default\">\n\t\t\t\t<div class=\"elementor-widget-container\">\n\t\t\t\t\t\t\t<div class=\"elementor-spacer\">\n\t\t\t<div class=\"elementor-spacer-inner\"><\/div>\n\t\t<\/div>\n\t\t\t\t\t\t<\/div>\n\t\t\t\t<\/div>\n\t\t\t\t\t<\/div>\n\t\t\t\t<\/div>\n\t\t<div class=\"elementor-element elementor-element-c4562f2 e-flex e-con-boxed elementor-repeater-item-default_padding elementor-repeater-item-none elementor-repeater-item-none_hover wpr-particle-no wpr-jarallax-no wpr-parallax-no wpr-sticky-section-no wpr-column-slider-no wpr-equal-height-no e-con e-parent\" data-id=\"c4562f2\" data-element_type=\"container\" data-e-type=\"container\" data-settings=\"{&quot;ang_container_spacing_size&quot;:&quot;default_padding&quot;}\">\n\t\t\t\t\t<div class=\"e-con-inner\">\n\t\t\t\t<div class=\"elementor-element elementor-element-e4d6734 elementor-repeater-item-none elementor-repeater-item-none_hover elementor-widget elementor-widget-html\" data-id=\"e4d6734\" data-element_type=\"widget\" data-e-type=\"widget\" data-widget_type=\"html.default\">\n\t\t\t\t<div class=\"elementor-widget-container\">\n\t\t\t\t\t<script>\r\ndocument.addEventListener('DOMContentLoaded', function() {\r\n  const btn = document.getElementById('download-txt');\r\n  if (!btn) return;\r\n\r\n  btn.addEventListener('click', async function() {\r\n    \/\/ \ud83d\udd39 Trouver le conteneur #bibleResults dans document ou iframe\r\n    let container = document.querySelector('#bibleResults');\r\n    if (!container) {\r\n      const iframe = document.querySelector('iframe');\r\n      if (iframe?.contentDocument) container = iframe.contentDocument.querySelector('#bibleResults');\r\n    }\r\n\r\n    if (!container) {\r\n      return alert('\u26a0\ufe0f Aucun r\u00e9sultat trouv\u00e9 (#bibleResults).');\r\n    }\r\n\r\n    \/\/ \ud83d\udd39 Chercher le tableau\r\n    const table = container.querySelector('table');\r\n    if (!table) return alert('\u26a0\ufe0f Aucun tableau trouv\u00e9 \u00e0 exporter.');\r\n\r\n    \/\/ \ud83d\udd39 Construire le texte \u00e0 partir du tableau\r\n    let text = '';\r\n    const headers = table.querySelectorAll('thead th');\r\n    text += Array.from(headers).map(h => h.innerText.trim()).join('\\t') + '\\n';\r\n\r\n    const rows = table.querySelectorAll('tbody tr');\r\n    rows.forEach(r => {\r\n      const cells = r.querySelectorAll('td');\r\n      text += Array.from(cells).map(td => td.innerText.trim()).join('\\t') + '\\n';\r\n    });\r\n\r\n    \/\/ \ud83d\udd39 Cr\u00e9er et t\u00e9l\u00e9charger le fichier TXT\r\n    const blob = new Blob(['\\uFEFF' + text], { type: 'text\/plain;charset=utf-8' });\r\n    const link = document.createElement('a');\r\n    link.href = URL.createObjectURL(blob);\r\n    link.download = 'concordance.txt';\r\n    document.body.appendChild(link);\r\n    link.click();\r\n    document.body.removeChild(link);\r\n    URL.revokeObjectURL(link.href);\r\n  });\r\n});\r\n<\/script>\r\n\t\t\t\t<\/div>\n\t\t\t\t<\/div>\n\t\t\t\t\t<\/div>\n\t\t\t\t<\/div>\n\t\t<div class=\"elementor-element elementor-element-0e946e3 e-flex e-con-boxed elementor-repeater-item-default_padding elementor-repeater-item-none elementor-repeater-item-none_hover wpr-particle-no wpr-jarallax-no wpr-parallax-no wpr-sticky-section-no wpr-column-slider-no wpr-equal-height-no e-con e-parent\" data-id=\"0e946e3\" data-element_type=\"container\" data-e-type=\"container\" data-settings=\"{&quot;ang_container_spacing_size&quot;:&quot;default_padding&quot;}\">\n\t\t\t\t\t<div class=\"e-con-inner\">\n\t\t<div class=\"elementor-element elementor-element-e06023b e-con-full e-flex elementor-repeater-item-default_padding elementor-repeater-item-none elementor-repeater-item-none_hover wpr-particle-no wpr-jarallax-no wpr-parallax-no wpr-sticky-section-no wpr-column-slider-no wpr-equal-height-no e-con e-child\" data-id=\"e06023b\" data-element_type=\"container\" data-e-type=\"container\" data-settings=\"{&quot;ang_container_spacing_size&quot;:&quot;default_padding&quot;}\">\n\t\t\t\t<\/div>\n\t\t<div class=\"elementor-element elementor-element-67fac97 e-con-full e-flex elementor-repeater-item-default_padding elementor-repeater-item-none elementor-repeater-item-none_hover wpr-particle-no wpr-jarallax-no wpr-parallax-no wpr-sticky-section-no wpr-column-slider-no wpr-equal-height-no e-con e-child\" data-id=\"67fac97\" data-element_type=\"container\" data-e-type=\"container\" data-settings=\"{&quot;ang_container_spacing_size&quot;:&quot;default_padding&quot;}\">\n\t\t\t\t<div class=\"elementor-element elementor-element-f58f32a elementor-repeater-item-none elementor-repeater-item-none_hover elementor-widget elementor-widget-html\" data-id=\"f58f32a\" data-element_type=\"widget\" data-e-type=\"widget\" data-widget_type=\"html.default\">\n\t\t\t\t<div class=\"elementor-widget-container\">\n\t\t\t\t\t<script>\r\njQuery(document).ready(function($){\r\n    \/\/ \u00c9tat des colonnes : true = visible, false = masqu\u00e9e\r\n    let col1Visible = true;\r\n    let col2Visible = true;\r\n    let col3Visible = true;\r\n\r\n    \/\/ Fonction pour mettre \u00e0 jour l'affichage des colonnes\r\n    function updateColumns() {\r\n        $('#bibleResults table tr').each(function(){\r\n            \/\/ Colonne 1\r\n            $(this).find('th:nth-child(1), td:nth-child(1)').toggle(col1Visible);\r\n            \/\/ Colonne 2\r\n            $(this).find('th:nth-child(2), td:nth-child(2)').toggle(col2Visible);\r\n            \/\/ Colonne 3\r\n            $(this).find('th:nth-child(3), td:nth-child(3)').toggle(col3Visible);\r\n        });\r\n    }\r\n\r\n    \/\/ Toggle toutes les colonnes en s\u00e9quence \u00e0 chaque clic\r\n    $('#toggle-cols').click(function(){\r\n        if(col1Visible && col2Visible && col3Visible){\r\n            \/\/ Masquer la colonne 1\r\n            col1Visible = false;\r\n        } else if(!col1Visible && col2Visible && col3Visible){\r\n            \/\/ Masquer la colonne 2\r\n            col2Visible = false;\r\n        } else if(!col1Visible && !col2Visible && col3Visible){\r\n            \/\/ Masquer la colonne 3\r\n            col3Visible = false;\r\n        } else {\r\n            \/\/ R\u00e9afficher toutes les colonnes\r\n            col1Visible = true;\r\n            col2Visible = true;\r\n            col3Visible = true;\r\n        }\r\n        updateColumns();\r\n    });\r\n});\r\n<\/script>\r\n\t\t\t\t<\/div>\n\t\t\t\t<\/div>\n\t\t\t\t<\/div>\n\t\t<div class=\"elementor-element elementor-element-64c4b47 e-con-full e-flex elementor-repeater-item-default_padding elementor-repeater-item-none elementor-repeater-item-none_hover wpr-particle-no wpr-jarallax-no wpr-parallax-no wpr-sticky-section-no wpr-column-slider-no wpr-equal-height-no e-con e-child\" data-id=\"64c4b47\" data-element_type=\"container\" data-e-type=\"container\" data-settings=\"{&quot;ang_container_spacing_size&quot;:&quot;default_padding&quot;}\">\n\t\t\t\t<\/div>\n\t\t\t\t\t<\/div>\n\t\t\t\t<\/div>\n\t\t<div class=\"elementor-element elementor-element-c80d7be e-flex e-con-boxed elementor-repeater-item-default_padding elementor-repeater-item-none elementor-repeater-item-none_hover wpr-particle-no wpr-jarallax-no wpr-parallax-no wpr-sticky-section-no wpr-column-slider-no wpr-equal-height-no e-con e-parent\" data-id=\"c80d7be\" data-element_type=\"container\" data-e-type=\"container\" data-settings=\"{&quot;ang_container_spacing_size&quot;:&quot;default_padding&quot;}\">\n\t\t\t\t\t<div class=\"e-con-inner\">\n\t\t\t\t<div class=\"elementor-element elementor-element-0ae6d70 elementor-repeater-item-none elementor-repeater-item-none_hover elementor-widget elementor-widget-spacer\" data-id=\"0ae6d70\" data-element_type=\"widget\" data-e-type=\"widget\" data-widget_type=\"spacer.default\">\n\t\t\t\t<div class=\"elementor-widget-container\">\n\t\t\t\t\t\t\t<div class=\"elementor-spacer\">\n\t\t\t<div class=\"elementor-spacer-inner\"><\/div>\n\t\t<\/div>\n\t\t\t\t\t\t<\/div>\n\t\t\t\t<\/div>\n\t\t\t\t\t<\/div>\n\t\t\t\t<\/div>\n\t\t\t\t<\/div>\n\t\t","protected":false},"excerpt":{"rendered":"<p>Concordance Biblique \ud83d\udd32 Plein \u00e9cran<\/p>\n","protected":false},"author":2,"featured_media":0,"parent":0,"menu_order":0,"comment_status":"closed","ping_status":"closed","template":"elementor_header_footer","meta":{"_eb_attr":"","_uag_custom_page_level_css":"","site-sidebar-layout":"no-sidebar","site-content-layout":null,"ast-site-content-layout":"full-width-container","site-content-style":"unboxed","site-sidebar-style":"unboxed","ast-global-header-display":"","ast-banner-title-visibility":"","ast-main-header-display":"","ast-hfb-above-header-display":"","ast-hfb-below-header-display":null,"ast-hfb-mobile-header-display":"","site-post-title":"disabled","ast-breadcrumbs-content":null,"ast-featured-img":"disabled","footer-sml-layout":"","ast-disable-related-posts":"","theme-transparent-header-meta":"enabled","adv-header-id-meta":null,"stick-header-meta":null,"header-above-stick-meta":null,"header-main-stick-meta":null,"header-below-stick-meta":null,"astra-migrate-meta-layouts":"default","ast-page-background-enabled":"default","ast-page-background-meta":{"desktop":{"background-color":"","background-image":"","background-repeat":"repeat","background-position":"center center","background-size":"auto","background-attachment":"scroll","background-type":"","background-media":"","overlay-type":"","overlay-color":"","overlay-opacity":"","overlay-gradient":""},"tablet":{"background-color":"","background-image":"","background-repeat":"repeat","background-position":"center center","background-size":"auto","background-attachment":"scroll","background-type":"","background-media":"","overlay-type":"","overlay-color":"","overlay-opacity":"","overlay-gradient":""},"mobile":{"background-color":"","background-image":"","background-repeat":"repeat","background-position":"center center","background-size":"auto","background-attachment":"scroll","background-type":"","background-media":"","overlay-type":"","overlay-color":"","overlay-opacity":"","overlay-gradient":""}},"ast-content-background-meta":{"desktop":{"background-color":"var(--ast-global-color-5)","background-image":"","background-repeat":"repeat","background-position":"center center","background-size":"auto","background-attachment":"scroll","background-type":"","background-media":"","overlay-type":"","overlay-color":"","overlay-opacity":"","overlay-gradient":""},"tablet":{"background-color":"var(--ast-global-color-5)","background-image":"","background-repeat":"repeat","background-position":"center center","background-size":"auto","background-attachment":"scroll","background-type":"","background-media":"","overlay-type":"","overlay-color":"","overlay-opacity":"","overlay-gradient":""},"mobile":{"background-color":"var(--ast-global-color-5)","background-image":"","background-repeat":"repeat","background-position":"center center","background-size":"auto","background-attachment":"scroll","background-type":"","background-media":"","overlay-type":"","overlay-color":"","overlay-opacity":"","overlay-gradient":""}},"footnotes":""},"class_list":["post-18556","page","type-page","status-publish","hentry"],"uagb_featured_image_src":{"full":false,"thumbnail":false,"medium":false,"medium_large":false,"large":false,"1536x1536":false,"2048x2048":false,"tp-image-grid":false,"ca-people-thumb":false,"ca-address-thumb":false,"ultp_layout_landscape_large":false,"ultp_layout_landscape":false,"ultp_layout_portrait":false,"ultp_layout_square":false,"mailpoet_newsletter_max":false,"masvideos_video_large":false,"masvideos_video_medium":false,"masvideos_video_thumbnail":false,"masvideos_movie_large":false,"masvideos_movie_medium":false,"masvideos_movie_thumbnail":false,"woocommerce_thumbnail":false,"woocommerce_single":false,"woocommerce_gallery_thumbnail":false},"uagb_author_info":{"display_name":"Serviteur","author_link":"https:\/\/allianceenjesus.com\/author\/jaijp3a12g7"},"uagb_comment_info":0,"uagb_excerpt":"Concordance Biblique \ud83d\udd32 Plein \u00e9cran","_links":{"self":[{"href":"https:\/\/allianceenjesus.com\/index.php?rest_route=\/wp\/v2\/pages\/18556","targetHints":{"allow":["GET"]}}],"collection":[{"href":"https:\/\/allianceenjesus.com\/index.php?rest_route=\/wp\/v2\/pages"}],"about":[{"href":"https:\/\/allianceenjesus.com\/index.php?rest_route=\/wp\/v2\/types\/page"}],"author":[{"embeddable":true,"href":"https:\/\/allianceenjesus.com\/index.php?rest_route=\/wp\/v2\/users\/2"}],"replies":[{"embeddable":true,"href":"https:\/\/allianceenjesus.com\/index.php?rest_route=%2Fwp%2Fv2%2Fcomments&post=18556"}],"version-history":[{"count":547,"href":"https:\/\/allianceenjesus.com\/index.php?rest_route=\/wp\/v2\/pages\/18556\/revisions"}],"predecessor-version":[{"id":26046,"href":"https:\/\/allianceenjesus.com\/index.php?rest_route=\/wp\/v2\/pages\/18556\/revisions\/26046"}],"wp:attachment":[{"href":"https:\/\/allianceenjesus.com\/index.php?rest_route=%2Fwp%2Fv2%2Fmedia&parent=18556"}],"curies":[{"name":"wp","href":"https:\/\/api.w.org\/{rel}","templated":true}]}}